{"id":3,"date":"2022-04-19T17:29:39","date_gmt":"2022-04-19T15:29:39","guid":{"rendered":"http:\/\/attali-avocats.fr\/?page_id=3"},"modified":"2025-03-06T12:42:19","modified_gmt":"2025-03-06T11:42:19","slug":"mentions-legales","status":"publish","type":"page","link":"https:\/\/attali-avocats.fr\/index.php\/mentions-legales\/","title":{"rendered":""},"content":{"rendered":"\t\t<div data-elementor-type=\"wp-page\" data-elementor-id=\"3\" class=\"elementor elementor-3\">\n\t\t\t\t\t\t<section class=\"elementor-section elementor-top-section elementor-element elementor-element-03a3fd5 elementor-section-boxed elementor-section-height-default elementor-section-height-default\" data-id=\"03a3fd5\" data-element_type=\"section\" data-e-type=\"section\">\n\t\t\t\t\t\t<div class=\"elementor-container elementor-column-gap-default\">\n\t\t\t\t\t<div class=\"elementor-column elementor-col-100 elementor-top-column elementor-element elementor-element-6b1ac8c\" data-id=\"6b1ac8c\" data-element_type=\"column\" data-e-type=\"column\">\n\t\t\t<div class=\"elementor-widget-wrap elementor-element-populated\">\n\t\t\t\t\t\t<div class=\"elementor-element elementor-element-d1315d6 elementor-widget elementor-widget-heading\" data-id=\"d1315d6\" data-element_type=\"widget\" data-e-type=\"widget\" data-widget_type=\"heading.default\">\n\t\t\t\t<div class=\"elementor-widget-container\">\n\t\t\t\t\t<h2 class=\"elementor-heading-title elementor-size-xl\">MENTIONS L\u00c9GALES<\/h2>\t\t\t\t<\/div>\n\t\t\t\t<\/div>\n\t\t\t\t\t<\/div>\n\t\t<\/div>\n\t\t\t\t\t<\/div>\n\t\t<\/section>\n\t\t\t\t<section class=\"elementor-section elementor-top-section elementor-element elementor-element-1a28467b elementor-section-boxed elementor-section-height-default elementor-section-height-default\" data-id=\"1a28467b\" data-element_type=\"section\" data-e-type=\"section\">\n\t\t\t\t\t\t<div class=\"elementor-container elementor-column-gap-default\">\n\t\t\t\t\t<div class=\"elementor-column elementor-col-100 elementor-top-column elementor-element elementor-element-6cf60b5e\" data-id=\"6cf60b5e\" data-element_type=\"column\" data-e-type=\"column\">\n\t\t\t<div class=\"elementor-widget-wrap elementor-element-populated\">\n\t\t\t\t\t\t<div class=\"elementor-element elementor-element-6b4723e5 elementor-widget elementor-widget-text-editor\" data-id=\"6b4723e5\" data-element_type=\"widget\" data-e-type=\"widget\" data-widget_type=\"text-editor.default\">\n\t\t\t\t<div class=\"elementor-widget-container\">\n\t\t\t\t\t\t\t\t\t<p><strong>INFORMATION SUR<\/strong> <strong>L\u2019\u00c9DITEUR DU SITE INTERNET :<\/strong><\/p><p>Le pr\u00e9sent site est \u00e9dit\u00e9 par :<\/p><ul><li>BENJAMIN ATTALI, entrepreneur individuel, situ\u00e9 au 17 rue du Vieux March\u00e9 aux Grains, 67000 Strasbourg, France (T\u00e9l. : +33 (0)7 56 80 06 70, Fax : +33 (0)3 88 98 99 50, M\u00e9l. : benjamin@attali-avocats.fr),\u00a0 N\u00b0 SIREN : 511 189 631, N\u00b0 de TVA intracommunautaire : FR 69 511189631,<\/li><li>Et ATTALI ASSOCIES, soci\u00e9t\u00e9 d&rsquo;exercice lib\u00e9ral, situ\u00e9e au 17 rue du Vieux March\u00e9 aux Grains, 67000 Strasbourg, France (T\u00e9l. : +33 (0)3 65 67 42 43<span id=\"transmark\" style=\"display: none; width: 0px; height: 0px;\"><\/span>, Fax : +33 (0)3 88 98 99 50, M\u00e9l. : david@attali-avocats.fr), N\u00b0 SIREN : 522 830 991, RCS Strasbourg , N\u00b0 de TVA intracommunautaire : FR 75 522830991.<\/li><\/ul><p>Le pr\u00e9sent site a \u00e9t\u00e9 soumis \u00e0 l\u2019Ordre des Avocats du Barreau de Strasbourg, France.<\/p><p>Les directeurs de publication sont : Benjamin Attali et David Attali.<\/p><p><strong>INFORMATION SUR L\u2019H\u00c9BERGEUR DU SITE INTERNET :<\/strong><\/p><p>L&rsquo;h\u00e9bergement de ce site est assur\u00e9 par la soci\u00e9t\u00e9 OVHcloud, ayant son si\u00e8ge social 2 rue Kellermann, 59100 Roubaix, France.<\/p><p><strong>INFORMATIQUE ET LIBERT\u00c9S :<\/strong><\/p><p>Les informations recueillies font l&rsquo;objet de traitements informatiques destin\u00e9s \u00e0 r\u00e9pondre aux demandes des internautes et, plus g\u00e9n\u00e9ralement, \u00e0 des fins de gestion administrative et commerciale. Par respect du secret professionnel, toute information est \u00e0 destination unique des avocats et de leurs personnels habilit\u00e9s.<br \/>Les responsables de traitement de donn\u00e9es \u00e0 caract\u00e8re personnel sont Benjamin Attali et la soci\u00e9t\u00e9 d&rsquo;exercice lib\u00e9ral ATTALI ASSOCIES domicili\u00e9s \u00e0 l&rsquo;adresse susmentionn\u00e9e.<br \/>Les traitements de donn\u00e9es \u00e0 caract\u00e8re personnel mis en \u0153uvre dans le cadre du pr\u00e9sent site sont int\u00e9gr\u00e9s dans la liste des traitements du cabinet.<br \/>Pour des motifs l\u00e9gitimes, l&rsquo;internaute peut s&rsquo;opposer au traitement des donn\u00e9es le concernant.<br \/>L&rsquo;attention de l&rsquo;internaute est toutefois attir\u00e9 sur le fait que ne pas fournir toute information utile peut emp\u00eacher l&rsquo;avocat de traiter sa demande ou en retarder le traitement.<br \/>Conform\u00e9ment \u00e0 la loi informatique et libert\u00e9s du 6 janvier 1978 modifi\u00e9e en 2004, l&rsquo;internaute dispose d&rsquo;un droit d&rsquo;acc\u00e8s, de rectification et de suppression sur les donn\u00e9es \u00e0 caract\u00e8re personnel le concernant. Pour ce faire, il doit \u00e9crire un courrier \u00e9lectronique aux responsables de traitement aux adresses \u00e9lectroniques suivantes : benjamin@attali-avocats.fr ou david@attali-avocats.fr, en joignant la copie d&rsquo;un titre d&rsquo;identit\u00e9 en cours de validit\u00e9.<\/p><p><strong>COOKIES :<\/strong><\/p><p>L&rsquo;internaute est inform\u00e9 que, lors de ses visites sur le site, des cookies peuvent s&rsquo;installer automatiquement via son logiciel de navigation. Un cookie est un ensemble de donn\u00e9es qui ne permet pas d&rsquo;identifier directement les internautes mais qui sert \u00e0 enregistrer des informations relatives \u00e0 la navigation de celui-ci sur le site. Le param\u00e9trage du logiciel de navigation permet d&rsquo;informer de la pr\u00e9sence de cookies et \u00e9ventuellement de les refuser de la mani\u00e8re d\u00e9crite \u00e0 l&rsquo;adresse suivante : http:\/\/www.cnil.fr. L&rsquo;internaute dispose d&rsquo;un droit d&rsquo;opposition, d&rsquo;acc\u00e8s, de modification et de suppression des donn\u00e9es \u00e0 caract\u00e8re personnel communiqu\u00e9es par le biais des cookies dans les conditions indiqu\u00e9es ci-dessus.BENJA<\/p>\t\t\t\t\t\t\t\t<\/div>\n\t\t\t\t<\/div>\n\t\t\t\t\t<\/div>\n\t\t<\/div>\n\t\t\t\t\t<\/div>\n\t\t<\/section>\n\t\t\t\t<\/div>\n\t\t","protected":false},"excerpt":{"rendered":"<p>MENTIONS L\u00c9GALES INFORMATION SUR L\u2019\u00c9DITEUR DU SITE INTERNET : Le pr\u00e9sent site est \u00e9dit\u00e9 par : BENJAMIN ATTALI, entrepreneur individuel, situ\u00e9 au 17 rue du Vieux March\u00e9 aux Grains, 67000 Strasbourg, France (T\u00e9l. : +33 (0)7 56 80 06 70, Fax : +33 (0)3 88 98 99 50, M\u00e9l. : benjamin@attali-avocats.fr),\u00a0 N\u00b0 SIREN : 511 [&hellip;]<\/p>\n","protected":false},"author":1,"featured_media":0,"parent":0,"menu_order":0,"comment_status":"closed","ping_status":"closed","template":"","meta":{"om_disable_all_campaigns":false,"_monsterinsights_skip_tracking":false,"_monsterinsights_sitenote_active":false,"_monsterinsights_sitenote_note":"","_monsterinsights_sitenote_category":0,"site-sidebar-layout":"default","site-content-layout":"","ast-site-content-layout":"default","site-content-style":"default","site-sidebar-style":"default","ast-global-header-display":"","ast-banner-title-visibility":"","ast-main-header-display":"","ast-hfb-above-header-display":"","ast-hfb-below-header-display":"","ast-hfb-mobile-header-display":"","site-post-title":"","ast-breadcrumbs-content":"","ast-featured-img":"","footer-sml-layout":"","ast-disable-related-posts":"","theme-transparent-header-meta":"","adv-header-id-meta":"","stick-header-meta":"","header-above-stick-meta":"","header-main-stick-meta":"","header-below-stick-meta":"","astra-migrate-meta-layouts":"default","ast-page-background-enabled":"default","ast-page-background-meta":{"desktop":{"background-color":"","background-image":"","background-repeat":"repeat","background-position":"center center","background-size":"auto","background-attachment":"scroll","background-type":"","background-media":"","overlay-type":"","overlay-color":"","overlay-opacity":"","overlay-gradient":""},"tablet":{"background-color":"","background-image":"","background-repeat":"repeat","background-position":"center center","background-size":"auto","background-attachment":"scroll","background-type":"","background-media":"","overlay-type":"","overlay-color":"","overlay-opacity":"","overlay-gradient":""},"mobile":{"background-color":"","background-image":"","background-repeat":"repeat","background-position":"center center","background-size":"auto","background-attachment":"scroll","background-type":"","background-media":"","overlay-type":"","overlay-color":"","overlay-opacity":"","overlay-gradient":""}},"ast-content-background-meta":{"desktop":{"background-color":"var(--ast-global-color-5)","background-image":"","background-repeat":"repeat","background-position":"center center","background-size":"auto","background-attachment":"scroll","background-type":"","background-media":"","overlay-type":"","overlay-color":"","overlay-opacity":"","overlay-gradient":""},"tablet":{"background-color":"var(--ast-global-color-5)","background-image":"","background-repeat":"repeat","background-position":"center center","background-size":"auto","background-attachment":"scroll","background-type":"","background-media":"","overlay-type":"","overlay-color":"","overlay-opacity":"","overlay-gradient":""},"mobile":{"background-color":"var(--ast-global-color-5)","background-image":"","background-repeat":"repeat","background-position":"center center","background-size":"auto","background-attachment":"scroll","background-type":"","background-media":"","overlay-type":"","overlay-color":"","overlay-opacity":"","overlay-gradient":""}},"footnotes":""},"class_list":["post-3","page","type-page","status-publish","hentry"],"yoast_head":"<!-- This site is optimized with the Yoast SEO plugin v27.5 - https:\/\/yoast.com\/product\/yoast-seo-wordpress\/ -->\n<title>ATTALI AVOCATS<\/title>\n<meta name=\"description\" content=\"mentions l\u00e9gales\" \/>\n<meta name=\"robots\" content=\"index, follow, max-snippet:-1, max-image-preview:large, max-video-preview:-1\" \/>\n<link rel=\"canonical\" href=\"https:\/\/attali-avocats.fr\/index.php\/mentions-legales\/\" \/>\n<meta property=\"og:locale\" content=\"fr_FR\" \/>\n<meta property=\"og:type\" content=\"article\" \/>\n<meta property=\"og:title\" content=\"ATTALI AVOCATS\" \/>\n<meta property=\"og:description\" content=\"mentions l\u00e9gales\" \/>\n<meta property=\"og:url\" content=\"https:\/\/attali-avocats.fr\/index.php\/mentions-legales\/\" \/>\n<meta property=\"og:site_name\" content=\"ATTALI AVOCATS\" \/>\n<meta property=\"article:modified_time\" content=\"2025-03-06T11:42:19+00:00\" \/>\n<meta name=\"twitter:card\" content=\"summary_large_image\" \/>\n<meta name=\"twitter:label1\" content=\"Dur\u00e9e de lecture estim\u00e9e\" \/>\n\t<meta name=\"twitter:data1\" content=\"3 minutes\" \/>\n<script type=\"application\/ld+json\" class=\"yoast-schema-graph\">{\"@context\":\"https:\\\/\\\/schema.org\",\"@graph\":[{\"@type\":\"WebPage\",\"@id\":\"https:\\\/\\\/attali-avocats.fr\\\/index.php\\\/mentions-legales\\\/\",\"url\":\"https:\\\/\\\/attali-avocats.fr\\\/index.php\\\/mentions-legales\\\/\",\"name\":\"ATTALI AVOCATS\",\"isPartOf\":{\"@id\":\"https:\\\/\\\/attali-avocats.fr\\\/#website\"},\"datePublished\":\"2022-04-19T15:29:39+00:00\",\"dateModified\":\"2025-03-06T11:42:19+00:00\",\"description\":\"mentions l\u00e9gales\",\"inLanguage\":\"fr-FR\",\"potentialAction\":[{\"@type\":\"ReadAction\",\"target\":[\"https:\\\/\\\/attali-avocats.fr\\\/index.php\\\/mentions-legales\\\/\"]}]},{\"@type\":\"WebSite\",\"@id\":\"https:\\\/\\\/attali-avocats.fr\\\/#website\",\"url\":\"https:\\\/\\\/attali-avocats.fr\\\/\",\"name\":\"ATTALI AVOCATS\",\"description\":\"Cabinet group\u00e9\",\"publisher\":{\"@id\":\"https:\\\/\\\/attali-avocats.fr\\\/#organization\"},\"potentialAction\":[{\"@type\":\"SearchAction\",\"target\":{\"@type\":\"EntryPoint\",\"urlTemplate\":\"https:\\\/\\\/attali-avocats.fr\\\/?s={search_term_string}\"},\"query-input\":{\"@type\":\"PropertyValueSpecification\",\"valueRequired\":true,\"valueName\":\"search_term_string\"}}],\"inLanguage\":\"fr-FR\"},{\"@type\":\"Organization\",\"@id\":\"https:\\\/\\\/attali-avocats.fr\\\/#organization\",\"name\":\"ATTALI AVOCATS\",\"url\":\"https:\\\/\\\/attali-avocats.fr\\\/\",\"logo\":{\"@type\":\"ImageObject\",\"inLanguage\":\"fr-FR\",\"@id\":\"https:\\\/\\\/attali-avocats.fr\\\/#\\\/schema\\\/logo\\\/image\\\/\",\"url\":\"https:\\\/\\\/attali-avocats.fr\\\/wp-content\\\/uploads\\\/2022\\\/04\\\/cropped-cropped-cropped-cropped-Logo-CNB-1.jpg\",\"contentUrl\":\"https:\\\/\\\/attali-avocats.fr\\\/wp-content\\\/uploads\\\/2022\\\/04\\\/cropped-cropped-cropped-cropped-Logo-CNB-1.jpg\",\"width\":149,\"height\":292,\"caption\":\"ATTALI AVOCATS\"},\"image\":{\"@id\":\"https:\\\/\\\/attali-avocats.fr\\\/#\\\/schema\\\/logo\\\/image\\\/\"}}]}<\/script>\n<!-- \/ Yoast SEO plugin. -->","yoast_head_json":{"title":"ATTALI AVOCATS","description":"mentions l\u00e9gales","robots":{"index":"index","follow":"follow","max-snippet":"max-snippet:-1","max-image-preview":"max-image-preview:large","max-video-preview":"max-video-preview:-1"},"canonical":"https:\/\/attali-avocats.fr\/index.php\/mentions-legales\/","og_locale":"fr_FR","og_type":"article","og_title":"ATTALI AVOCATS","og_description":"mentions l\u00e9gales","og_url":"https:\/\/attali-avocats.fr\/index.php\/mentions-legales\/","og_site_name":"ATTALI AVOCATS","article_modified_time":"2025-03-06T11:42:19+00:00","twitter_card":"summary_large_image","twitter_misc":{"Dur\u00e9e de lecture estim\u00e9e":"3 minutes"},"schema":{"@context":"https:\/\/schema.org","@graph":[{"@type":"WebPage","@id":"https:\/\/attali-avocats.fr\/index.php\/mentions-legales\/","url":"https:\/\/attali-avocats.fr\/index.php\/mentions-legales\/","name":"ATTALI AVOCATS","isPartOf":{"@id":"https:\/\/attali-avocats.fr\/#website"},"datePublished":"2022-04-19T15:29:39+00:00","dateModified":"2025-03-06T11:42:19+00:00","description":"mentions l\u00e9gales","inLanguage":"fr-FR","potentialAction":[{"@type":"ReadAction","target":["https:\/\/attali-avocats.fr\/index.php\/mentions-legales\/"]}]},{"@type":"WebSite","@id":"https:\/\/attali-avocats.fr\/#website","url":"https:\/\/attali-avocats.fr\/","name":"ATTALI AVOCATS","description":"Cabinet group\u00e9","publisher":{"@id":"https:\/\/attali-avocats.fr\/#organization"},"potentialAction":[{"@type":"SearchAction","target":{"@type":"EntryPoint","urlTemplate":"https:\/\/attali-avocats.fr\/?s={search_term_string}"},"query-input":{"@type":"PropertyValueSpecification","valueRequired":true,"valueName":"search_term_string"}}],"inLanguage":"fr-FR"},{"@type":"Organization","@id":"https:\/\/attali-avocats.fr\/#organization","name":"ATTALI AVOCATS","url":"https:\/\/attali-avocats.fr\/","logo":{"@type":"ImageObject","inLanguage":"fr-FR","@id":"https:\/\/attali-avocats.fr\/#\/schema\/logo\/image\/","url":"https:\/\/attali-avocats.fr\/wp-content\/uploads\/2022\/04\/cropped-cropped-cropped-cropped-Logo-CNB-1.jpg","contentUrl":"https:\/\/attali-avocats.fr\/wp-content\/uploads\/2022\/04\/cropped-cropped-cropped-cropped-Logo-CNB-1.jpg","width":149,"height":292,"caption":"ATTALI AVOCATS"},"image":{"@id":"https:\/\/attali-avocats.fr\/#\/schema\/logo\/image\/"}}]}},"_links":{"self":[{"href":"https:\/\/attali-avocats.fr\/index.php\/wp-json\/wp\/v2\/pages\/3","targetHints":{"allow":["GET"]}}],"collection":[{"href":"https:\/\/attali-avocats.fr\/index.php\/wp-json\/wp\/v2\/pages"}],"about":[{"href":"https:\/\/attali-avocats.fr\/index.php\/wp-json\/wp\/v2\/types\/page"}],"author":[{"embeddable":true,"href":"https:\/\/attali-avocats.fr\/index.php\/wp-json\/wp\/v2\/users\/1"}],"replies":[{"embeddable":true,"href":"https:\/\/attali-avocats.fr\/index.php\/wp-json\/wp\/v2\/comments?post=3"}],"version-history":[{"count":137,"href":"https:\/\/attali-avocats.fr\/index.php\/wp-json\/wp\/v2\/pages\/3\/revisions"}],"predecessor-version":[{"id":6814,"href":"https:\/\/attali-avocats.fr\/index.php\/wp-json\/wp\/v2\/pages\/3\/revisions\/6814"}],"wp:attachment":[{"href":"https:\/\/attali-avocats.fr\/index.php\/wp-json\/wp\/v2\/media?parent=3"}],"curies":[{"name":"wp","href":"https:\/\/api.w.org\/{rel}","templated":true}]}}