{"id":3468,"date":"2022-05-02T01:16:57","date_gmt":"2022-05-01T23:16:57","guid":{"rendered":"https:\/\/attali-avocats.fr\/?page_id=3468"},"modified":"2025-03-05T15:12:27","modified_gmt":"2025-03-05T14:12:27","slug":"consultation-ecrite-travail","status":"publish","type":"page","link":"https:\/\/attali-avocats.fr\/index.php\/consultation-ecrite-travail\/","title":{"rendered":"CONSULTATION \u00c9CRITE TRAVAIL"},"content":{"rendered":"\t\t<div data-elementor-type=\"wp-page\" data-elementor-id=\"3468\" class=\"elementor elementor-3468\">\n\t\t\t\t\t\t<section class=\"elementor-section elementor-top-section elementor-element elementor-element-48e8768 elementor-section-boxed elementor-section-height-default elementor-section-height-default\" data-id=\"48e8768\" data-element_type=\"section\" data-e-type=\"section\">\n\t\t\t\t\t\t<div class=\"elementor-container elementor-column-gap-default\">\n\t\t\t\t\t<div class=\"elementor-column elementor-col-100 elementor-top-column elementor-element elementor-element-07262a4\" data-id=\"07262a4\" data-element_type=\"column\" data-e-type=\"column\">\n\t\t\t<div class=\"elementor-widget-wrap elementor-element-populated\">\n\t\t\t\t\t\t<div class=\"elementor-element elementor-element-a7e183b elementor-widget elementor-widget-heading\" data-id=\"a7e183b\" data-element_type=\"widget\" data-e-type=\"widget\" data-widget_type=\"heading.default\">\n\t\t\t\t<div class=\"elementor-widget-container\">\n\t\t\t\t\t<h2 class=\"elementor-heading-title elementor-size-xl\">CONSULTATION TRAVAIL<\/h2>\t\t\t\t<\/div>\n\t\t\t\t<\/div>\n\t\t\t\t\t<\/div>\n\t\t<\/div>\n\t\t\t\t\t<\/div>\n\t\t<\/section>\n\t\t\t\t<section class=\"elementor-section elementor-top-section elementor-element elementor-element-a3258e0 elementor-section-height-min-height elementor-section-boxed elementor-section-height-default elementor-section-items-middle\" data-id=\"a3258e0\" data-element_type=\"section\" data-e-type=\"section\" data-settings=\"{&quot;background_background&quot;:&quot;classic&quot;}\">\n\t\t\t\t\t\t<div class=\"elementor-container elementor-column-gap-default\">\n\t\t\t\t\t<div class=\"elementor-column elementor-col-100 elementor-top-column elementor-element elementor-element-5741ee7\" data-id=\"5741ee7\" data-element_type=\"column\" data-e-type=\"column\" data-settings=\"{&quot;background_background&quot;:&quot;classic&quot;}\">\n\t\t\t<div class=\"elementor-widget-wrap elementor-element-populated\">\n\t\t\t\t\t\t<div class=\"elementor-element elementor-element-f5398dd elementor-widget elementor-widget-text-editor\" data-id=\"f5398dd\" data-element_type=\"widget\" data-e-type=\"widget\" data-widget_type=\"text-editor.default\">\n\t\t\t\t<div class=\"elementor-widget-container\">\n\t\t\t\t\t\t\t\t\t<p>Lorsque vous \u00eates dans une situation complexe en lien avec le travail, le cabinet de Benjamin Attali vous expose les solutions et les pr\u00e9conisations juridiques n\u00e9cessaires.<\/p><p>PROJET D&rsquo;UNE NOUVELLE ORGANISATION DU TRAVAIL :<\/p><ul><li>mise en place du t\u00e9l\u00e9travail,<\/li><li>am\u00e9nagement du temps de travail,<\/li><li>mise en place d&rsquo;institutions repr\u00e9sentatives du personnel&#8230;<\/li><\/ul><p>BESOIN DE CLARIFIER UNE RELATION DE TRAVAIL :<\/p><ul><li>concernant l&rsquo;ex\u00e9cution d&rsquo;un contrat de travail,<\/li><li>concernant la suspension d&rsquo;un contrat de travail notamment li\u00e9e \u00e0 une maladie,<\/li><li>concernant la modification d&rsquo;un contrat de travail&#8230;<\/li><\/ul><p>Ainsi, une consultation \u00e9crite personnalis\u00e9e construite selon un d\u00e9veloppement m\u00e9thodique vous sera remise.<\/p>\t\t\t\t\t\t\t\t<\/div>\n\t\t\t\t<\/div>\n\t\t\t\t\t<\/div>\n\t\t<\/div>\n\t\t\t\t\t<\/div>\n\t\t<\/section>\n\t\t\t\t<section class=\"elementor-section elementor-top-section elementor-element elementor-element-1c06c35 elementor-section-boxed elementor-section-height-default elementor-section-height-default\" data-id=\"1c06c35\" data-element_type=\"section\" data-e-type=\"section\" data-settings=\"{&quot;background_background&quot;:&quot;classic&quot;}\">\n\t\t\t\t\t\t<div class=\"elementor-container elementor-column-gap-default\">\n\t\t\t\t\t<div class=\"elementor-column elementor-col-50 elementor-top-column elementor-element elementor-element-178e595\" data-id=\"178e595\" data-element_type=\"column\" data-e-type=\"column\">\n\t\t\t<div class=\"elementor-widget-wrap elementor-element-populated\">\n\t\t\t\t\t\t<div class=\"elementor-element elementor-element-454e03f elementor-invisible elementor-widget elementor-widget-text-editor\" data-id=\"454e03f\" data-element_type=\"widget\" data-e-type=\"widget\" data-settings=\"{&quot;_animation&quot;:&quot;slideInLeft&quot;}\" data-widget_type=\"text-editor.default\">\n\t\t\t\t<div class=\"elementor-widget-container\">\n\t\t\t\t\t\t\t\t\t<p><strong>NOS DILIGENCES :<\/strong><\/p><ul><li><strong>D\u00e9finition de la question<\/strong><\/li><li><strong>Application des r\u00e8gles de droit<\/strong><\/li><li><strong>Avis\/Conseil<\/strong><\/li><\/ul>\t\t\t\t\t\t\t\t<\/div>\n\t\t\t\t<\/div>\n\t\t\t\t\t<\/div>\n\t\t<\/div>\n\t\t\t\t<div class=\"elementor-column elementor-col-50 elementor-top-column elementor-element elementor-element-84f4f97\" data-id=\"84f4f97\" data-element_type=\"column\" data-e-type=\"column\">\n\t\t\t<div class=\"elementor-widget-wrap elementor-element-populated\">\n\t\t\t\t\t\t<div class=\"elementor-element elementor-element-29cee75 elementor-align-center elementor-widget elementor-widget-button\" data-id=\"29cee75\" data-element_type=\"widget\" data-e-type=\"widget\" data-widget_type=\"button.default\">\n\t\t\t\t<div class=\"elementor-widget-container\">\n\t\t\t\t\t\t\t\t\t<div class=\"elementor-button-wrapper\">\n\t\t\t\t\t<a class=\"elementor-button elementor-button-link elementor-size-sm\" href=\"https:\/\/attali-avocats.fr\/index.php\/benjamin-attali\/#contact\">\n\t\t\t\t\t\t<span class=\"elementor-button-content-wrapper\">\n\t\t\t\t\t\t\t\t\t<span class=\"elementor-button-text\">CONTACTER ME BENJAMIN ATTALI<\/span>\n\t\t\t\t\t<\/span>\n\t\t\t\t\t<\/a>\n\t\t\t\t<\/div>\n\t\t\t\t\t\t\t\t<\/div>\n\t\t\t\t<\/div>\n\t\t\t\t\t<\/div>\n\t\t<\/div>\n\t\t\t\t\t<\/div>\n\t\t<\/section>\n\t\t\t\t<section class=\"elementor-section elementor-top-section elementor-element elementor-element-891382e elementor-section-boxed elementor-section-height-default elementor-section-height-default\" data-id=\"891382e\" data-element_type=\"section\" data-e-type=\"section\">\n\t\t\t\t\t\t<div class=\"elementor-container elementor-column-gap-default\">\n\t\t\t\t\t<div class=\"elementor-column elementor-col-100 elementor-top-column elementor-element elementor-element-40748ab\" data-id=\"40748ab\" data-element_type=\"column\" data-e-type=\"column\">\n\t\t\t<div class=\"elementor-widget-wrap elementor-element-populated\">\n\t\t\t\t\t\t<div class=\"elementor-element elementor-element-479b6c6 elementor-align-center elementor-widget elementor-widget-button\" data-id=\"479b6c6\" data-element_type=\"widget\" data-e-type=\"widget\" data-widget_type=\"button.default\">\n\t\t\t\t<div class=\"elementor-widget-container\">\n\t\t\t\t\t\t\t\t\t<div class=\"elementor-button-wrapper\">\n\t\t\t\t\t<a class=\"elementor-button elementor-button-link elementor-size-sm\" href=\"https:\/\/attali-avocats.fr\/index.php\/droit-du-travail\/#forfaits\">\n\t\t\t\t\t\t<span class=\"elementor-button-content-wrapper\">\n\t\t\t\t\t\t\t\t\t<span class=\"elementor-button-text\">REVENIR AUX FORFAITS<\/span>\n\t\t\t\t\t<\/span>\n\t\t\t\t\t<\/a>\n\t\t\t\t<\/div>\n\t\t\t\t\t\t\t\t<\/div>\n\t\t\t\t<\/div>\n\t\t\t\t\t<\/div>\n\t\t<\/div>\n\t\t\t\t\t<\/div>\n\t\t<\/section>\n\t\t\t\t<\/div>\n\t\t","protected":false},"excerpt":{"rendered":"<p>CONSULTATION TRAVAIL Lorsque vous \u00eates dans une situation complexe en lien avec le travail, le cabinet de Benjamin Attali vous expose les solutions et les pr\u00e9conisations juridiques n\u00e9cessaires. PROJET D&rsquo;UNE NOUVELLE ORGANISATION DU TRAVAIL : mise en place du t\u00e9l\u00e9travail, am\u00e9nagement du temps de travail, mise en place d&rsquo;institutions repr\u00e9sentatives du personnel&#8230; BESOIN DE CLARIFIER [&hellip;]<\/p>\n","protected":false},"author":1,"featured_media":0,"parent":0,"menu_order":0,"comment_status":"closed","ping_status":"closed","template":"","meta":{"om_disable_all_campaigns":false,"_monsterinsights_skip_tracking":false,"_monsterinsights_sitenote_active":false,"_monsterinsights_sitenote_note":"","_monsterinsights_sitenote_category":0,"site-sidebar-layout":"no-sidebar","site-content-layout":"page-builder","ast-site-content-layout":"default","site-content-style":"default","site-sidebar-style":"default","ast-global-header-display":"","ast-banner-title-visibility":"","ast-main-header-display":"","ast-hfb-above-header-display":"","ast-hfb-below-header-display":"","ast-hfb-mobile-header-display":"","site-post-title":"disabled","ast-breadcrumbs-content":"","ast-featured-img":"disabled","footer-sml-layout":"","ast-disable-related-posts":"","theme-transparent-header-meta":"","adv-header-id-meta":"","stick-header-meta":"","header-above-stick-meta":"","header-main-stick-meta":"","header-below-stick-meta":"","astra-migrate-meta-layouts":"default","ast-page-background-enabled":"default","ast-page-background-meta":{"desktop":{"background-color":"","background-image":"","background-repeat":"repeat","background-position":"center center","background-size":"auto","background-attachment":"scroll","background-type":"","background-media":"","overlay-type":"","overlay-color":"","overlay-opacity":"","overlay-gradient":""},"tablet":{"background-color":"","background-image":"","background-repeat":"repeat","background-position":"center center","background-size":"auto","background-attachment":"scroll","background-type":"","background-media":"","overlay-type":"","overlay-color":"","overlay-opacity":"","overlay-gradient":""},"mobile":{"background-color":"","background-image":"","background-repeat":"repeat","background-position":"center center","background-size":"auto","background-attachment":"scroll","background-type":"","background-media":"","overlay-type":"","overlay-color":"","overlay-opacity":"","overlay-gradient":""}},"ast-content-background-meta":{"desktop":{"background-color":"var(--ast-global-color-5)","background-image":"","background-repeat":"repeat","background-position":"center center","background-size":"auto","background-attachment":"scroll","background-type":"","background-media":"","overlay-type":"","overlay-color":"","overlay-opacity":"","overlay-gradient":""},"tablet":{"background-color":"var(--ast-global-color-5)","background-image":"","background-repeat":"repeat","background-position":"center center","background-size":"auto","background-attachment":"scroll","background-type":"","background-media":"","overlay-type":"","overlay-color":"","overlay-opacity":"","overlay-gradient":""},"mobile":{"background-color":"var(--ast-global-color-5)","background-image":"","background-repeat":"repeat","background-position":"center center","background-size":"auto","background-attachment":"scroll","background-type":"","background-media":"","overlay-type":"","overlay-color":"","overlay-opacity":"","overlay-gradient":""}},"footnotes":""},"class_list":["post-3468","page","type-page","status-publish","hentry"],"yoast_head":"<!-- This site is optimized with the Yoast SEO plugin v27.5 - https:\/\/yoast.com\/product\/yoast-seo-wordpress\/ -->\n<title>CONSULTATION \u00c9CRITE TRAVAIL ATTALI AVOCATS<\/title>\n<meta name=\"description\" content=\"Lorsque vous \u00eates dans une situation complexe en lien avec le travail, le cabinet de Benjamin Attali vous expose les solutions et les pr\u00e9conisations juridiques n\u00e9cessaires.\" \/>\n<meta name=\"robots\" content=\"index, follow, max-snippet:-1, max-image-preview:large, max-video-preview:-1\" \/>\n<link rel=\"canonical\" href=\"https:\/\/attali-avocats.fr\/index.php\/consultation-ecrite-travail\/\" \/>\n<meta property=\"og:locale\" content=\"fr_FR\" \/>\n<meta property=\"og:type\" content=\"article\" \/>\n<meta property=\"og:title\" content=\"CONSULTATION \u00c9CRITE TRAVAIL ATTALI AVOCATS\" \/>\n<meta property=\"og:description\" content=\"Lorsque vous \u00eates dans une situation complexe en lien avec le travail, le cabinet de Benjamin Attali vous expose les solutions et les pr\u00e9conisations juridiques n\u00e9cessaires.\" \/>\n<meta property=\"og:url\" content=\"https:\/\/attali-avocats.fr\/index.php\/consultation-ecrite-travail\/\" \/>\n<meta property=\"og:site_name\" content=\"ATTALI AVOCATS\" \/>\n<meta property=\"article:modified_time\" content=\"2025-03-05T14:12:27+00:00\" \/>\n<meta name=\"twitter:card\" content=\"summary_large_image\" \/>\n<meta name=\"twitter:label1\" content=\"Dur\u00e9e de lecture estim\u00e9e\" \/>\n\t<meta name=\"twitter:data1\" content=\"1 minute\" \/>\n<script type=\"application\/ld+json\" class=\"yoast-schema-graph\">{\"@context\":\"https:\\\/\\\/schema.org\",\"@graph\":[{\"@type\":\"WebPage\",\"@id\":\"https:\\\/\\\/attali-avocats.fr\\\/index.php\\\/consultation-ecrite-travail\\\/\",\"url\":\"https:\\\/\\\/attali-avocats.fr\\\/index.php\\\/consultation-ecrite-travail\\\/\",\"name\":\"CONSULTATION \u00c9CRITE TRAVAIL ATTALI AVOCATS\",\"isPartOf\":{\"@id\":\"https:\\\/\\\/attali-avocats.fr\\\/#website\"},\"datePublished\":\"2022-05-01T23:16:57+00:00\",\"dateModified\":\"2025-03-05T14:12:27+00:00\",\"description\":\"Lorsque vous \u00eates dans une situation complexe en lien avec le travail, le cabinet de Benjamin Attali vous expose les solutions et les pr\u00e9conisations juridiques n\u00e9cessaires.\",\"breadcrumb\":{\"@id\":\"https:\\\/\\\/attali-avocats.fr\\\/index.php\\\/consultation-ecrite-travail\\\/#breadcrumb\"},\"inLanguage\":\"fr-FR\",\"potentialAction\":[{\"@type\":\"ReadAction\",\"target\":[\"https:\\\/\\\/attali-avocats.fr\\\/index.php\\\/consultation-ecrite-travail\\\/\"]}]},{\"@type\":\"BreadcrumbList\",\"@id\":\"https:\\\/\\\/attali-avocats.fr\\\/index.php\\\/consultation-ecrite-travail\\\/#breadcrumb\",\"itemListElement\":[{\"@type\":\"ListItem\",\"position\":1,\"name\":\"Accueil\",\"item\":\"https:\\\/\\\/attali-avocats.fr\\\/\"},{\"@type\":\"ListItem\",\"position\":2,\"name\":\"CONSULTATION \u00c9CRITE TRAVAIL\"}]},{\"@type\":\"WebSite\",\"@id\":\"https:\\\/\\\/attali-avocats.fr\\\/#website\",\"url\":\"https:\\\/\\\/attali-avocats.fr\\\/\",\"name\":\"ATTALI AVOCATS\",\"description\":\"Cabinet group\u00e9\",\"publisher\":{\"@id\":\"https:\\\/\\\/attali-avocats.fr\\\/#organization\"},\"potentialAction\":[{\"@type\":\"SearchAction\",\"target\":{\"@type\":\"EntryPoint\",\"urlTemplate\":\"https:\\\/\\\/attali-avocats.fr\\\/?s={search_term_string}\"},\"query-input\":{\"@type\":\"PropertyValueSpecification\",\"valueRequired\":true,\"valueName\":\"search_term_string\"}}],\"inLanguage\":\"fr-FR\"},{\"@type\":\"Organization\",\"@id\":\"https:\\\/\\\/attali-avocats.fr\\\/#organization\",\"name\":\"ATTALI AVOCATS\",\"url\":\"https:\\\/\\\/attali-avocats.fr\\\/\",\"logo\":{\"@type\":\"ImageObject\",\"inLanguage\":\"fr-FR\",\"@id\":\"https:\\\/\\\/attali-avocats.fr\\\/#\\\/schema\\\/logo\\\/image\\\/\",\"url\":\"https:\\\/\\\/attali-avocats.fr\\\/wp-content\\\/uploads\\\/2022\\\/04\\\/cropped-cropped-cropped-cropped-Logo-CNB-1.jpg\",\"contentUrl\":\"https:\\\/\\\/attali-avocats.fr\\\/wp-content\\\/uploads\\\/2022\\\/04\\\/cropped-cropped-cropped-cropped-Logo-CNB-1.jpg\",\"width\":149,\"height\":292,\"caption\":\"ATTALI AVOCATS\"},\"image\":{\"@id\":\"https:\\\/\\\/attali-avocats.fr\\\/#\\\/schema\\\/logo\\\/image\\\/\"}}]}<\/script>\n<!-- \/ Yoast SEO plugin. -->","yoast_head_json":{"title":"CONSULTATION \u00c9CRITE TRAVAIL ATTALI AVOCATS","description":"Lorsque vous \u00eates dans une situation complexe en lien avec le travail, le cabinet de Benjamin Attali vous expose les solutions et les pr\u00e9conisations juridiques n\u00e9cessaires.","robots":{"index":"index","follow":"follow","max-snippet":"max-snippet:-1","max-image-preview":"max-image-preview:large","max-video-preview":"max-video-preview:-1"},"canonical":"https:\/\/attali-avocats.fr\/index.php\/consultation-ecrite-travail\/","og_locale":"fr_FR","og_type":"article","og_title":"CONSULTATION \u00c9CRITE TRAVAIL ATTALI AVOCATS","og_description":"Lorsque vous \u00eates dans une situation complexe en lien avec le travail, le cabinet de Benjamin Attali vous expose les solutions et les pr\u00e9conisations juridiques n\u00e9cessaires.","og_url":"https:\/\/attali-avocats.fr\/index.php\/consultation-ecrite-travail\/","og_site_name":"ATTALI AVOCATS","article_modified_time":"2025-03-05T14:12:27+00:00","twitter_card":"summary_large_image","twitter_misc":{"Dur\u00e9e de lecture estim\u00e9e":"1 minute"},"schema":{"@context":"https:\/\/schema.org","@graph":[{"@type":"WebPage","@id":"https:\/\/attali-avocats.fr\/index.php\/consultation-ecrite-travail\/","url":"https:\/\/attali-avocats.fr\/index.php\/consultation-ecrite-travail\/","name":"CONSULTATION \u00c9CRITE TRAVAIL ATTALI AVOCATS","isPartOf":{"@id":"https:\/\/attali-avocats.fr\/#website"},"datePublished":"2022-05-01T23:16:57+00:00","dateModified":"2025-03-05T14:12:27+00:00","description":"Lorsque vous \u00eates dans une situation complexe en lien avec le travail, le cabinet de Benjamin Attali vous expose les solutions et les pr\u00e9conisations juridiques n\u00e9cessaires.","breadcrumb":{"@id":"https:\/\/attali-avocats.fr\/index.php\/consultation-ecrite-travail\/#breadcrumb"},"inLanguage":"fr-FR","potentialAction":[{"@type":"ReadAction","target":["https:\/\/attali-avocats.fr\/index.php\/consultation-ecrite-travail\/"]}]},{"@type":"BreadcrumbList","@id":"https:\/\/attali-avocats.fr\/index.php\/consultation-ecrite-travail\/#breadcrumb","itemListElement":[{"@type":"ListItem","position":1,"name":"Accueil","item":"https:\/\/attali-avocats.fr\/"},{"@type":"ListItem","position":2,"name":"CONSULTATION \u00c9CRITE TRAVAIL"}]},{"@type":"WebSite","@id":"https:\/\/attali-avocats.fr\/#website","url":"https:\/\/attali-avocats.fr\/","name":"ATTALI AVOCATS","description":"Cabinet group\u00e9","publisher":{"@id":"https:\/\/attali-avocats.fr\/#organization"},"potentialAction":[{"@type":"SearchAction","target":{"@type":"EntryPoint","urlTemplate":"https:\/\/attali-avocats.fr\/?s={search_term_string}"},"query-input":{"@type":"PropertyValueSpecification","valueRequired":true,"valueName":"search_term_string"}}],"inLanguage":"fr-FR"},{"@type":"Organization","@id":"https:\/\/attali-avocats.fr\/#organization","name":"ATTALI AVOCATS","url":"https:\/\/attali-avocats.fr\/","logo":{"@type":"ImageObject","inLanguage":"fr-FR","@id":"https:\/\/attali-avocats.fr\/#\/schema\/logo\/image\/","url":"https:\/\/attali-avocats.fr\/wp-content\/uploads\/2022\/04\/cropped-cropped-cropped-cropped-Logo-CNB-1.jpg","contentUrl":"https:\/\/attali-avocats.fr\/wp-content\/uploads\/2022\/04\/cropped-cropped-cropped-cropped-Logo-CNB-1.jpg","width":149,"height":292,"caption":"ATTALI AVOCATS"},"image":{"@id":"https:\/\/attali-avocats.fr\/#\/schema\/logo\/image\/"}}]}},"_links":{"self":[{"href":"https:\/\/attali-avocats.fr\/index.php\/wp-json\/wp\/v2\/pages\/3468","targetHints":{"allow":["GET"]}}],"collection":[{"href":"https:\/\/attali-avocats.fr\/index.php\/wp-json\/wp\/v2\/pages"}],"about":[{"href":"https:\/\/attali-avocats.fr\/index.php\/wp-json\/wp\/v2\/types\/page"}],"author":[{"embeddable":true,"href":"https:\/\/attali-avocats.fr\/index.php\/wp-json\/wp\/v2\/users\/1"}],"replies":[{"embeddable":true,"href":"https:\/\/attali-avocats.fr\/index.php\/wp-json\/wp\/v2\/comments?post=3468"}],"version-history":[{"count":146,"href":"https:\/\/attali-avocats.fr\/index.php\/wp-json\/wp\/v2\/pages\/3468\/revisions"}],"predecessor-version":[{"id":6773,"href":"https:\/\/attali-avocats.fr\/index.php\/wp-json\/wp\/v2\/pages\/3468\/revisions\/6773"}],"wp:attachment":[{"href":"https:\/\/attali-avocats.fr\/index.php\/wp-json\/wp\/v2\/media?parent=3468"}],"curies":[{"name":"wp","href":"https:\/\/api.w.org\/{rel}","templated":true}]}}