{"id":3494,"date":"2022-05-02T01:29:50","date_gmt":"2022-05-01T23:29:50","guid":{"rendered":"https:\/\/attali-avocats.fr\/?page_id=3494"},"modified":"2022-09-22T15:23:09","modified_gmt":"2022-09-22T13:23:09","slug":"reglement-interieur","status":"publish","type":"page","link":"https:\/\/attali-avocats.fr\/index.php\/reglement-interieur\/","title":{"rendered":"R\u00c8GLEMENT INT\u00c9RIEUR"},"content":{"rendered":"\t\t<div data-elementor-type=\"wp-page\" data-elementor-id=\"3494\" class=\"elementor elementor-3494\">\n\t\t\t\t\t\t<section class=\"elementor-section elementor-top-section elementor-element elementor-element-89a0a58 elementor-section-boxed elementor-section-height-default elementor-section-height-default\" data-id=\"89a0a58\" data-element_type=\"section\" data-e-type=\"section\">\n\t\t\t\t\t\t<div class=\"elementor-container elementor-column-gap-default\">\n\t\t\t\t\t<div class=\"elementor-column elementor-col-100 elementor-top-column elementor-element elementor-element-0ca8f81\" data-id=\"0ca8f81\" data-element_type=\"column\" data-e-type=\"column\">\n\t\t\t<div class=\"elementor-widget-wrap elementor-element-populated\">\n\t\t\t\t\t\t<div class=\"elementor-element elementor-element-dd8f1b9 elementor-widget elementor-widget-heading\" data-id=\"dd8f1b9\" data-element_type=\"widget\" data-e-type=\"widget\" data-widget_type=\"heading.default\">\n\t\t\t\t<div class=\"elementor-widget-container\">\n\t\t\t\t\t<h2 class=\"elementor-heading-title elementor-size-xl\">R\u00c8GLEMENT INT\u00c9RIEUR<\/h2>\t\t\t\t<\/div>\n\t\t\t\t<\/div>\n\t\t\t\t\t<\/div>\n\t\t<\/div>\n\t\t\t\t\t<\/div>\n\t\t<\/section>\n\t\t\t\t<section class=\"elementor-section elementor-top-section elementor-element elementor-element-d247fee elementor-section-height-min-height elementor-section-boxed elementor-section-height-default elementor-section-items-middle\" data-id=\"d247fee\" data-element_type=\"section\" data-e-type=\"section\" data-settings=\"{&quot;background_background&quot;:&quot;classic&quot;}\">\n\t\t\t\t\t\t<div class=\"elementor-container elementor-column-gap-default\">\n\t\t\t\t\t<div class=\"elementor-column elementor-col-100 elementor-top-column elementor-element elementor-element-5f50ec5\" data-id=\"5f50ec5\" data-element_type=\"column\" data-e-type=\"column\" data-settings=\"{&quot;background_background&quot;:&quot;classic&quot;}\">\n\t\t\t<div class=\"elementor-widget-wrap elementor-element-populated\">\n\t\t\t\t\t\t<div class=\"elementor-element elementor-element-9ce3f2f elementor-widget elementor-widget-text-editor\" data-id=\"9ce3f2f\" data-element_type=\"widget\" data-e-type=\"widget\" data-widget_type=\"text-editor.default\">\n\t\t\t\t<div class=\"elementor-widget-container\">\n\t\t\t\t\t\t\t\t\t<p style=\"text-align: left;\">Le cabinet de Benjamin Attali r\u00e9dige des r\u00e8glements int\u00e9rieurs personnalis\u00e9s.<\/p><p><span style=\"font-size: 16px; -webkit-text-size-adjust: 100%;\">R\u00c8GLEMENT INT\u00c9RIEUR DE L\u2019EMPLOYEUR :<\/span><\/p><p><span style=\"font-size: 16px; -webkit-text-size-adjust: 100%;\">Le r\u00e8glement int\u00e9rieur de l&#8217;employeur fixe les r\u00e8gles de conduite dans l&rsquo;entreprise en mati\u00e8re de sant\u00e9 et de s\u00e9curit\u00e9. <\/span>Il d\u00e9finit aussi les r\u00e8gles concernant la discipline et notamment la nature et l&rsquo;\u00e9chelle des sanctions que peut prendre l&#8217;employeur.<\/p><p>Il est donc propre \u00e0 chaque entreprise.<\/p><p>Sa mise en place est obligatoire dans les entreprises ou \u00e9tablissements employant au moins 50 salari\u00e9s. Dans les entreprises employant moins de 50 salari\u00e9s, l&rsquo;\u00e9laboration d&rsquo;un r\u00e8glement int\u00e9rieur, sans \u00eatre obligatoire,\u00a0est recommand\u00e9e afin d\u2019\u00e9tablir une communication interne indiquant les comportements adapt\u00e9s \u00e0 l\u2019organisation et minimisant la r\u00e9alisation des risques dommageables de l\u2019activit\u00e9 de l\u2019entreprise.<\/p><p>R\u00c8GLEMENT INT\u00c9RIEUR DU COMIT\u00c9 SOCIAL ET \u00c9CONOMIQUE :<\/p><p><span style=\"font-size: 16px; text-align: right; -webkit-text-size-adjust: 100%;\">Le CSE d\u00e9termine, dans un r\u00e8glement int\u00e9rieur, les modalit\u00e9s de son fonctionnement et celles de ses rapports avec les salari\u00e9s de l&rsquo;entreprise, pour l&rsquo;exercice de ses missions.<\/span><\/p><p>Il est donc propre \u00e0 chaque CSE.<\/p><p>Sa mise en place est obligatoire dans les entreprises d\u2019au moins 50 salari\u00e9s. Dans les entreprises de moins de 50 salari\u00e9s, l&rsquo;\u00e9laboration d&rsquo;un r\u00e8glement int\u00e9rieur, sans \u00eatre obligatoire, est recommand\u00e9e afin d\u2019organiser et s\u00e9curiser une gestion du CSE\u00a0minimisant la r\u00e9alisation des risques dommageables de son activit\u00e9.<\/p>\t\t\t\t\t\t\t\t<\/div>\n\t\t\t\t<\/div>\n\t\t\t\t\t<\/div>\n\t\t<\/div>\n\t\t\t\t\t<\/div>\n\t\t<\/section>\n\t\t\t\t<section class=\"elementor-section elementor-top-section elementor-element elementor-element-485eaa1 elementor-section-boxed elementor-section-height-default elementor-section-height-default\" data-id=\"485eaa1\" data-element_type=\"section\" data-e-type=\"section\" data-settings=\"{&quot;background_background&quot;:&quot;classic&quot;}\">\n\t\t\t\t\t\t<div class=\"elementor-container elementor-column-gap-default\">\n\t\t\t\t\t<div class=\"elementor-column elementor-col-50 elementor-top-column elementor-element elementor-element-029fcac\" data-id=\"029fcac\" data-element_type=\"column\" data-e-type=\"column\">\n\t\t\t<div class=\"elementor-widget-wrap elementor-element-populated\">\n\t\t\t\t\t\t<div class=\"elementor-element elementor-element-bb8bc9c elementor-invisible elementor-widget elementor-widget-text-editor\" data-id=\"bb8bc9c\" data-element_type=\"widget\" data-e-type=\"widget\" data-settings=\"{&quot;_animation&quot;:&quot;slideInLeft&quot;}\" data-widget_type=\"text-editor.default\">\n\t\t\t\t<div class=\"elementor-widget-container\">\n\t\t\t\t\t\t\t\t\t<p><strong>NOS DILIGENCES :<\/strong><\/p><ul><li><strong>V\u00e9rifications n\u00e9cessaires<\/strong><\/li><li><strong>\u00c9tablissement des dispositions particuli\u00e8res<\/strong><\/li><li><strong>R\u00e9daction du r\u00e8glement int\u00e9rieur<\/strong><\/li><\/ul>\t\t\t\t\t\t\t\t<\/div>\n\t\t\t\t<\/div>\n\t\t\t\t\t<\/div>\n\t\t<\/div>\n\t\t\t\t<div class=\"elementor-column elementor-col-50 elementor-top-column elementor-element elementor-element-addb823\" data-id=\"addb823\" data-element_type=\"column\" data-e-type=\"column\">\n\t\t\t<div class=\"elementor-widget-wrap elementor-element-populated\">\n\t\t\t\t\t\t<div class=\"elementor-element elementor-element-0698412 elementor-align-center elementor-widget elementor-widget-button\" data-id=\"0698412\" data-element_type=\"widget\" data-e-type=\"widget\" data-widget_type=\"button.default\">\n\t\t\t\t<div class=\"elementor-widget-container\">\n\t\t\t\t\t\t\t\t\t<div class=\"elementor-button-wrapper\">\n\t\t\t\t\t<a class=\"elementor-button elementor-button-link elementor-size-sm\" href=\"https:\/\/attali-avocats.fr\/index.php\/benjamin-attali\/#contact\">\n\t\t\t\t\t\t<span class=\"elementor-button-content-wrapper\">\n\t\t\t\t\t\t\t\t\t<span class=\"elementor-button-text\">CONTACTER ME BENJAMIN ATTALI<\/span>\n\t\t\t\t\t<\/span>\n\t\t\t\t\t<\/a>\n\t\t\t\t<\/div>\n\t\t\t\t\t\t\t\t<\/div>\n\t\t\t\t<\/div>\n\t\t\t\t\t<\/div>\n\t\t<\/div>\n\t\t\t\t\t<\/div>\n\t\t<\/section>\n\t\t\t\t<section class=\"elementor-section elementor-top-section elementor-element elementor-element-19b22d2 elementor-section-boxed elementor-section-height-default elementor-section-height-default\" data-id=\"19b22d2\" data-element_type=\"section\" data-e-type=\"section\">\n\t\t\t\t\t\t<div class=\"elementor-container elementor-column-gap-default\">\n\t\t\t\t\t<div class=\"elementor-column elementor-col-100 elementor-top-column elementor-element elementor-element-a71e0ab\" data-id=\"a71e0ab\" data-element_type=\"column\" data-e-type=\"column\">\n\t\t\t<div class=\"elementor-widget-wrap elementor-element-populated\">\n\t\t\t\t\t\t<div class=\"elementor-element elementor-element-1625d19 elementor-align-center elementor-widget elementor-widget-button\" data-id=\"1625d19\" data-element_type=\"widget\" data-e-type=\"widget\" data-widget_type=\"button.default\">\n\t\t\t\t<div class=\"elementor-widget-container\">\n\t\t\t\t\t\t\t\t\t<div class=\"elementor-button-wrapper\">\n\t\t\t\t\t<a class=\"elementor-button elementor-button-link elementor-size-sm\" href=\"https:\/\/attali-avocats.fr\/index.php\/droit-du-travail\/#forfaits\">\n\t\t\t\t\t\t<span class=\"elementor-button-content-wrapper\">\n\t\t\t\t\t\t\t\t\t<span class=\"elementor-button-text\">REVENIR AUX FORFAITS<\/span>\n\t\t\t\t\t<\/span>\n\t\t\t\t\t<\/a>\n\t\t\t\t<\/div>\n\t\t\t\t\t\t\t\t<\/div>\n\t\t\t\t<\/div>\n\t\t\t\t\t<\/div>\n\t\t<\/div>\n\t\t\t\t\t<\/div>\n\t\t<\/section>\n\t\t\t\t<\/div>\n\t\t","protected":false},"excerpt":{"rendered":"<p>R\u00c8GLEMENT INT\u00c9RIEUR Le cabinet de Benjamin Attali r\u00e9dige des r\u00e8glements int\u00e9rieurs personnalis\u00e9s. R\u00c8GLEMENT INT\u00c9RIEUR DE L\u2019EMPLOYEUR : Le r\u00e8glement int\u00e9rieur de l&#8217;employeur fixe les r\u00e8gles de conduite dans l&rsquo;entreprise en mati\u00e8re de sant\u00e9 et de s\u00e9curit\u00e9. Il d\u00e9finit aussi les r\u00e8gles concernant la discipline et notamment la nature et l&rsquo;\u00e9chelle des sanctions que peut prendre [&hellip;]<\/p>\n","protected":false},"author":1,"featured_media":0,"parent":0,"menu_order":0,"comment_status":"closed","ping_status":"closed","template":"","meta":{"om_disable_all_campaigns":false,"_monsterinsights_skip_tracking":false,"_monsterinsights_sitenote_active":false,"_monsterinsights_sitenote_note":"","_monsterinsights_sitenote_category":0,"site-sidebar-layout":"no-sidebar","site-content-layout":"page-builder","ast-site-content-layout":"default","site-content-style":"default","site-sidebar-style":"default","ast-global-header-display":"","ast-banner-title-visibility":"","ast-main-header-display":"","ast-hfb-above-header-display":"","ast-hfb-below-header-display":"","ast-hfb-mobile-header-display":"","site-post-title":"disabled","ast-breadcrumbs-content":"","ast-featured-img":"disabled","footer-sml-layout":"","ast-disable-related-posts":"","theme-transparent-header-meta":"","adv-header-id-meta":"","stick-header-meta":"","header-above-stick-meta":"","header-main-stick-meta":"","header-below-stick-meta":"","astra-migrate-meta-layouts":"default","ast-page-background-enabled":"default","ast-page-background-meta":{"desktop":{"background-color":"","background-image":"","background-repeat":"repeat","background-position":"center center","background-size":"auto","background-attachment":"scroll","background-type":"","background-media":"","overlay-type":"","overlay-color":"","overlay-opacity":"","overlay-gradient":""},"tablet":{"background-color":"","background-image":"","background-repeat":"repeat","background-position":"center center","background-size":"auto","background-attachment":"scroll","background-type":"","background-media":"","overlay-type":"","overlay-color":"","overlay-opacity":"","overlay-gradient":""},"mobile":{"background-color":"","background-image":"","background-repeat":"repeat","background-position":"center center","background-size":"auto","background-attachment":"scroll","background-type":"","background-media":"","overlay-type":"","overlay-color":"","overlay-opacity":"","overlay-gradient":""}},"ast-content-background-meta":{"desktop":{"background-color":"var(--ast-global-color-5)","background-image":"","background-repeat":"repeat","background-position":"center center","background-size":"auto","background-attachment":"scroll","background-type":"","background-media":"","overlay-type":"","overlay-color":"","overlay-opacity":"","overlay-gradient":""},"tablet":{"background-color":"var(--ast-global-color-5)","background-image":"","background-repeat":"repeat","background-position":"center center","background-size":"auto","background-attachment":"scroll","background-type":"","background-media":"","overlay-type":"","overlay-color":"","overlay-opacity":"","overlay-gradient":""},"mobile":{"background-color":"var(--ast-global-color-5)","background-image":"","background-repeat":"repeat","background-position":"center center","background-size":"auto","background-attachment":"scroll","background-type":"","background-media":"","overlay-type":"","overlay-color":"","overlay-opacity":"","overlay-gradient":""}},"footnotes":""},"class_list":["post-3494","page","type-page","status-publish","hentry"],"yoast_head":"<!-- This site is optimized with the Yoast SEO plugin v27.5 - https:\/\/yoast.com\/product\/yoast-seo-wordpress\/ -->\n<title>R\u00c8GLEMENT INT\u00c9RIEUR ATTALI AVOCATS<\/title>\n<meta name=\"description\" content=\"Le cabinet de Benjamin Attali r\u00e9dige des r\u00e8glements int\u00e9rieurs personnalis\u00e9s.\" \/>\n<meta name=\"robots\" content=\"index, follow, max-snippet:-1, max-image-preview:large, max-video-preview:-1\" \/>\n<link rel=\"canonical\" href=\"https:\/\/attali-avocats.fr\/index.php\/reglement-interieur\/\" \/>\n<meta property=\"og:locale\" content=\"fr_FR\" \/>\n<meta property=\"og:type\" content=\"article\" \/>\n<meta property=\"og:title\" content=\"R\u00c8GLEMENT INT\u00c9RIEUR ATTALI AVOCATS\" \/>\n<meta property=\"og:description\" content=\"Le cabinet de Benjamin Attali r\u00e9dige des r\u00e8glements int\u00e9rieurs personnalis\u00e9s.\" \/>\n<meta property=\"og:url\" content=\"https:\/\/attali-avocats.fr\/index.php\/reglement-interieur\/\" \/>\n<meta property=\"og:site_name\" content=\"ATTALI AVOCATS\" \/>\n<meta property=\"article:modified_time\" content=\"2022-09-22T13:23:09+00:00\" \/>\n<meta name=\"twitter:card\" content=\"summary_large_image\" \/>\n<meta name=\"twitter:label1\" content=\"Dur\u00e9e de lecture estim\u00e9e\" \/>\n\t<meta name=\"twitter:data1\" content=\"2 minutes\" \/>\n<script type=\"application\/ld+json\" class=\"yoast-schema-graph\">{\"@context\":\"https:\\\/\\\/schema.org\",\"@graph\":[{\"@type\":\"WebPage\",\"@id\":\"https:\\\/\\\/attali-avocats.fr\\\/index.php\\\/reglement-interieur\\\/\",\"url\":\"https:\\\/\\\/attali-avocats.fr\\\/index.php\\\/reglement-interieur\\\/\",\"name\":\"R\u00c8GLEMENT INT\u00c9RIEUR ATTALI AVOCATS\",\"isPartOf\":{\"@id\":\"https:\\\/\\\/attali-avocats.fr\\\/#website\"},\"datePublished\":\"2022-05-01T23:29:50+00:00\",\"dateModified\":\"2022-09-22T13:23:09+00:00\",\"description\":\"Le cabinet de Benjamin Attali r\u00e9dige des r\u00e8glements int\u00e9rieurs personnalis\u00e9s.\",\"breadcrumb\":{\"@id\":\"https:\\\/\\\/attali-avocats.fr\\\/index.php\\\/reglement-interieur\\\/#breadcrumb\"},\"inLanguage\":\"fr-FR\",\"potentialAction\":[{\"@type\":\"ReadAction\",\"target\":[\"https:\\\/\\\/attali-avocats.fr\\\/index.php\\\/reglement-interieur\\\/\"]}]},{\"@type\":\"BreadcrumbList\",\"@id\":\"https:\\\/\\\/attali-avocats.fr\\\/index.php\\\/reglement-interieur\\\/#breadcrumb\",\"itemListElement\":[{\"@type\":\"ListItem\",\"position\":1,\"name\":\"Accueil\",\"item\":\"https:\\\/\\\/attali-avocats.fr\\\/\"},{\"@type\":\"ListItem\",\"position\":2,\"name\":\"R\u00c8GLEMENT INT\u00c9RIEUR\"}]},{\"@type\":\"WebSite\",\"@id\":\"https:\\\/\\\/attali-avocats.fr\\\/#website\",\"url\":\"https:\\\/\\\/attali-avocats.fr\\\/\",\"name\":\"ATTALI AVOCATS\",\"description\":\"Cabinet group\u00e9\",\"publisher\":{\"@id\":\"https:\\\/\\\/attali-avocats.fr\\\/#organization\"},\"potentialAction\":[{\"@type\":\"SearchAction\",\"target\":{\"@type\":\"EntryPoint\",\"urlTemplate\":\"https:\\\/\\\/attali-avocats.fr\\\/?s={search_term_string}\"},\"query-input\":{\"@type\":\"PropertyValueSpecification\",\"valueRequired\":true,\"valueName\":\"search_term_string\"}}],\"inLanguage\":\"fr-FR\"},{\"@type\":\"Organization\",\"@id\":\"https:\\\/\\\/attali-avocats.fr\\\/#organization\",\"name\":\"ATTALI AVOCATS\",\"url\":\"https:\\\/\\\/attali-avocats.fr\\\/\",\"logo\":{\"@type\":\"ImageObject\",\"inLanguage\":\"fr-FR\",\"@id\":\"https:\\\/\\\/attali-avocats.fr\\\/#\\\/schema\\\/logo\\\/image\\\/\",\"url\":\"https:\\\/\\\/attali-avocats.fr\\\/wp-content\\\/uploads\\\/2022\\\/04\\\/cropped-cropped-cropped-cropped-Logo-CNB-1.jpg\",\"contentUrl\":\"https:\\\/\\\/attali-avocats.fr\\\/wp-content\\\/uploads\\\/2022\\\/04\\\/cropped-cropped-cropped-cropped-Logo-CNB-1.jpg\",\"width\":149,\"height\":292,\"caption\":\"ATTALI AVOCATS\"},\"image\":{\"@id\":\"https:\\\/\\\/attali-avocats.fr\\\/#\\\/schema\\\/logo\\\/image\\\/\"}}]}<\/script>\n<!-- \/ Yoast SEO plugin. -->","yoast_head_json":{"title":"R\u00c8GLEMENT INT\u00c9RIEUR ATTALI AVOCATS","description":"Le cabinet de Benjamin Attali r\u00e9dige des r\u00e8glements int\u00e9rieurs personnalis\u00e9s.","robots":{"index":"index","follow":"follow","max-snippet":"max-snippet:-1","max-image-preview":"max-image-preview:large","max-video-preview":"max-video-preview:-1"},"canonical":"https:\/\/attali-avocats.fr\/index.php\/reglement-interieur\/","og_locale":"fr_FR","og_type":"article","og_title":"R\u00c8GLEMENT INT\u00c9RIEUR ATTALI AVOCATS","og_description":"Le cabinet de Benjamin Attali r\u00e9dige des r\u00e8glements int\u00e9rieurs personnalis\u00e9s.","og_url":"https:\/\/attali-avocats.fr\/index.php\/reglement-interieur\/","og_site_name":"ATTALI AVOCATS","article_modified_time":"2022-09-22T13:23:09+00:00","twitter_card":"summary_large_image","twitter_misc":{"Dur\u00e9e de lecture estim\u00e9e":"2 minutes"},"schema":{"@context":"https:\/\/schema.org","@graph":[{"@type":"WebPage","@id":"https:\/\/attali-avocats.fr\/index.php\/reglement-interieur\/","url":"https:\/\/attali-avocats.fr\/index.php\/reglement-interieur\/","name":"R\u00c8GLEMENT INT\u00c9RIEUR ATTALI AVOCATS","isPartOf":{"@id":"https:\/\/attali-avocats.fr\/#website"},"datePublished":"2022-05-01T23:29:50+00:00","dateModified":"2022-09-22T13:23:09+00:00","description":"Le cabinet de Benjamin Attali r\u00e9dige des r\u00e8glements int\u00e9rieurs personnalis\u00e9s.","breadcrumb":{"@id":"https:\/\/attali-avocats.fr\/index.php\/reglement-interieur\/#breadcrumb"},"inLanguage":"fr-FR","potentialAction":[{"@type":"ReadAction","target":["https:\/\/attali-avocats.fr\/index.php\/reglement-interieur\/"]}]},{"@type":"BreadcrumbList","@id":"https:\/\/attali-avocats.fr\/index.php\/reglement-interieur\/#breadcrumb","itemListElement":[{"@type":"ListItem","position":1,"name":"Accueil","item":"https:\/\/attali-avocats.fr\/"},{"@type":"ListItem","position":2,"name":"R\u00c8GLEMENT INT\u00c9RIEUR"}]},{"@type":"WebSite","@id":"https:\/\/attali-avocats.fr\/#website","url":"https:\/\/attali-avocats.fr\/","name":"ATTALI AVOCATS","description":"Cabinet group\u00e9","publisher":{"@id":"https:\/\/attali-avocats.fr\/#organization"},"potentialAction":[{"@type":"SearchAction","target":{"@type":"EntryPoint","urlTemplate":"https:\/\/attali-avocats.fr\/?s={search_term_string}"},"query-input":{"@type":"PropertyValueSpecification","valueRequired":true,"valueName":"search_term_string"}}],"inLanguage":"fr-FR"},{"@type":"Organization","@id":"https:\/\/attali-avocats.fr\/#organization","name":"ATTALI AVOCATS","url":"https:\/\/attali-avocats.fr\/","logo":{"@type":"ImageObject","inLanguage":"fr-FR","@id":"https:\/\/attali-avocats.fr\/#\/schema\/logo\/image\/","url":"https:\/\/attali-avocats.fr\/wp-content\/uploads\/2022\/04\/cropped-cropped-cropped-cropped-Logo-CNB-1.jpg","contentUrl":"https:\/\/attali-avocats.fr\/wp-content\/uploads\/2022\/04\/cropped-cropped-cropped-cropped-Logo-CNB-1.jpg","width":149,"height":292,"caption":"ATTALI AVOCATS"},"image":{"@id":"https:\/\/attali-avocats.fr\/#\/schema\/logo\/image\/"}}]}},"_links":{"self":[{"href":"https:\/\/attali-avocats.fr\/index.php\/wp-json\/wp\/v2\/pages\/3494","targetHints":{"allow":["GET"]}}],"collection":[{"href":"https:\/\/attali-avocats.fr\/index.php\/wp-json\/wp\/v2\/pages"}],"about":[{"href":"https:\/\/attali-avocats.fr\/index.php\/wp-json\/wp\/v2\/types\/page"}],"author":[{"embeddable":true,"href":"https:\/\/attali-avocats.fr\/index.php\/wp-json\/wp\/v2\/users\/1"}],"replies":[{"embeddable":true,"href":"https:\/\/attali-avocats.fr\/index.php\/wp-json\/wp\/v2\/comments?post=3494"}],"version-history":[{"count":162,"href":"https:\/\/attali-avocats.fr\/index.php\/wp-json\/wp\/v2\/pages\/3494\/revisions"}],"predecessor-version":[{"id":6475,"href":"https:\/\/attali-avocats.fr\/index.php\/wp-json\/wp\/v2\/pages\/3494\/revisions\/6475"}],"wp:attachment":[{"href":"https:\/\/attali-avocats.fr\/index.php\/wp-json\/wp\/v2\/media?parent=3494"}],"curies":[{"name":"wp","href":"https:\/\/api.w.org\/{rel}","templated":true}]}}