{"id":6675,"date":"2025-03-03T16:40:10","date_gmt":"2025-03-03T15:40:10","guid":{"rendered":"https:\/\/attali-avocats.fr\/?page_id=6675"},"modified":"2025-03-05T14:53:38","modified_gmt":"2025-03-05T13:53:38","slug":"instruction","status":"publish","type":"page","link":"https:\/\/attali-avocats.fr\/index.php\/instruction\/","title":{"rendered":"Elementor #6675"},"content":{"rendered":"\t\t<div data-elementor-type=\"wp-page\" data-elementor-id=\"6675\" class=\"elementor elementor-6675\">\n\t\t\t\t\t\t<section class=\"elementor-section elementor-top-section elementor-element elementor-element-9c30396 elementor-section-boxed elementor-section-height-default elementor-section-height-default\" data-id=\"9c30396\" data-element_type=\"section\" data-e-type=\"section\">\n\t\t\t\t\t\t<div class=\"elementor-container elementor-column-gap-default\">\n\t\t\t\t\t<div class=\"elementor-column elementor-col-100 elementor-top-column elementor-element elementor-element-6823f75\" data-id=\"6823f75\" data-element_type=\"column\" data-e-type=\"column\">\n\t\t\t<div class=\"elementor-widget-wrap elementor-element-populated\">\n\t\t\t\t\t\t<div class=\"elementor-element elementor-element-4efa98a elementor-widget elementor-widget-heading\" data-id=\"4efa98a\" data-element_type=\"widget\" data-e-type=\"widget\" data-widget_type=\"heading.default\">\n\t\t\t\t<div class=\"elementor-widget-container\">\n\t\t\t\t\t<h2 class=\"elementor-heading-title elementor-size-default\">INSTRUCTION<\/h2>\t\t\t\t<\/div>\n\t\t\t\t<\/div>\n\t\t\t\t<div class=\"elementor-element elementor-element-05f22bf elementor-widget elementor-widget-text-editor\" data-id=\"05f22bf\" data-element_type=\"widget\" data-e-type=\"widget\" data-widget_type=\"text-editor.default\">\n\t\t\t\t<div class=\"elementor-widget-container\">\n\t\t\t\t\t\t\t\t\t<p>Pendant une phase d&rsquo;instruction, avec ou sans d\u00e9tention provisoire, le cabinet de Benjamin Attali assiste la victime ou le mis en cause.<\/p><p data-test=\"contenu-texte\">L&rsquo;instruction est une \u00e9tape de la proc\u00e9dure p\u00e9nale. Elle est\u00a0obligatoire lorsqu\u2019un\u00a0<span class=\"tool-tip\" tabindex=\"0\" data-toggle=\"tooltip\" data-definition=\"R49230\" data-original-title=\"Infraction la plus grave punissable par une peine de prison (viol, violences ayant entra\u00een\u00e9 la mort sans intention de la donner, meurtre, assassinat par exemple)\">crime<\/span>\u00a0a \u00e9t\u00e9 commis. Elle est\u00a0facultative\u00a0en mati\u00e8re de\u00a0<span class=\"tool-tip\" tabindex=\"0\" data-toggle=\"tooltip\" data-definition=\"R49229\" data-original-title=\"Acte interdit par la loi et puni d'une amende et\/ou d'une peine d'emprisonnement inf\u00e9rieure \u00e0 10 ans.\">d\u00e9lit<\/span>\u00a0et de\u00a0<span class=\"tool-tip\" tabindex=\"0\" data-toggle=\"tooltip\" data-definition=\"R49228\" data-original-title=\"Infraction class\u00e9e en 5 cat\u00e9gories, allant de la moins grave (contravention de 1re classe), \u00e0 la plus grave (contravention de 5e classe). La contravention est punie d'une amende n'exc\u00e9dant pas 1 500 \u20ac, ou 3 000 \u20ac en cas de r\u00e9cidive.\">contravention.<\/span><\/p><p data-test=\"contenu-texte\">L&rsquo;instruction est men\u00e9e par un juge sp\u00e9cialis\u00e9, appel\u00e9 juge d\u2019instruction.<\/p><p data-test=\"contenu-texte\">Son r\u00f4le est de mener une enqu\u00eate permettant de\u00a0rassembler des preuves,\u00a0rechercher les auteurs\u00a0d&rsquo;infractions et\u00a0\u00e9tablir la v\u00e9rit\u00e9\u00a0dans une affaire p\u00e9nale.<\/p><p data-test=\"contenu-texte\">Le juge instruit\u00a0\u00e0 charge et \u00e0 d\u00e9charge, c&rsquo;est-\u00e0-dire qu&rsquo;il doit \u00e0 la fois chercher des preuves de\u00a0l&rsquo;innocence\u00a0et de la\u00a0culpabilit\u00e9\u00a0de la personne mise en cause.<\/p><p data-test=\"contenu-texte\">Pour accomplir sa mission, le juge d&rsquo;instruction dispose de\u00a0<span class=\"tool-tip\" tabindex=\"0\" data-toggle=\"tooltip\" data-definition=\"R52057\" data-original-title=\"Ensemble des techniques utilis\u00e9es pour recueillir des \u00e9l\u00e9ments de preuve dans le cadre d'une enqu\u00eate judiciaire\">pouvoirs d&rsquo;enqu\u00eate <\/span>importants.<\/p><p data-test=\"contenu-texte\">\u00c0 la fin de l&rsquo;instruction, s&rsquo;il existe des indices graves et concordants contre la personne mise en examen, le juge d&rsquo;instruction peut demander un proc\u00e8s.<\/p>\t\t\t\t\t\t\t\t<\/div>\n\t\t\t\t<\/div>\n\t\t\t\t\t<\/div>\n\t\t<\/div>\n\t\t\t\t\t<\/div>\n\t\t<\/section>\n\t\t\t\t<section class=\"elementor-section elementor-top-section elementor-element elementor-element-0471cbc elementor-section-boxed elementor-section-height-default elementor-section-height-default\" data-id=\"0471cbc\" data-element_type=\"section\" data-e-type=\"section\" data-settings=\"{&quot;background_background&quot;:&quot;classic&quot;}\">\n\t\t\t\t\t\t<div class=\"elementor-container elementor-column-gap-default\">\n\t\t\t\t\t<div class=\"elementor-column elementor-col-50 elementor-top-column elementor-element elementor-element-4f92e71\" data-id=\"4f92e71\" data-element_type=\"column\" data-e-type=\"column\">\n\t\t\t<div class=\"elementor-widget-wrap elementor-element-populated\">\n\t\t\t\t\t\t<div class=\"elementor-element elementor-element-3f71131 elementor-widget elementor-widget-text-editor\" data-id=\"3f71131\" data-element_type=\"widget\" data-e-type=\"widget\" data-widget_type=\"text-editor.default\">\n\t\t\t\t<div class=\"elementor-widget-container\">\n\t\t\t\t\t\t\t\t\t<p>NOS DILIGENCES :<\/p><ul><li>Assistance lors des auditions et interrogatoires<\/li><li>R\u00e9daction des demandes d&rsquo;actes (expertise, mise en libert\u00e9, restitution de scell\u00e9s&#8230;) \u00e0 verser au dossier<\/li><\/ul>\t\t\t\t\t\t\t\t<\/div>\n\t\t\t\t<\/div>\n\t\t\t\t\t<\/div>\n\t\t<\/div>\n\t\t\t\t<div class=\"elementor-column elementor-col-50 elementor-top-column elementor-element elementor-element-c6eae9e\" data-id=\"c6eae9e\" data-element_type=\"column\" data-e-type=\"column\">\n\t\t\t<div class=\"elementor-widget-wrap elementor-element-populated\">\n\t\t\t\t\t\t<div class=\"elementor-element elementor-element-aedb843 elementor-align-center elementor-widget elementor-widget-button\" data-id=\"aedb843\" data-element_type=\"widget\" data-e-type=\"widget\" data-widget_type=\"button.default\">\n\t\t\t\t<div class=\"elementor-widget-container\">\n\t\t\t\t\t\t\t\t\t<div class=\"elementor-button-wrapper\">\n\t\t\t\t\t<a class=\"elementor-button elementor-button-link elementor-size-sm\" href=\"https:\/\/attali-avocats.fr\/index.php\/benjamin-attali\/#contact\">\n\t\t\t\t\t\t<span class=\"elementor-button-content-wrapper\">\n\t\t\t\t\t\t\t\t\t<span class=\"elementor-button-text\">CONTACTER ME BENJAMIN ATTALI<\/span>\n\t\t\t\t\t<\/span>\n\t\t\t\t\t<\/a>\n\t\t\t\t<\/div>\n\t\t\t\t\t\t\t\t<\/div>\n\t\t\t\t<\/div>\n\t\t\t\t\t<\/div>\n\t\t<\/div>\n\t\t\t\t\t<\/div>\n\t\t<\/section>\n\t\t\t\t<section class=\"elementor-section elementor-top-section elementor-element elementor-element-b0806ef elementor-section-boxed elementor-section-height-default elementor-section-height-default\" data-id=\"b0806ef\" data-element_type=\"section\" data-e-type=\"section\" data-settings=\"{&quot;background_background&quot;:&quot;classic&quot;}\">\n\t\t\t\t\t\t<div class=\"elementor-container elementor-column-gap-default\">\n\t\t\t\t\t<div class=\"elementor-column elementor-col-100 elementor-top-column elementor-element elementor-element-6d8a7e4\" data-id=\"6d8a7e4\" data-element_type=\"column\" data-e-type=\"column\" data-settings=\"{&quot;background_background&quot;:&quot;classic&quot;}\">\n\t\t\t<div class=\"elementor-widget-wrap elementor-element-populated\">\n\t\t\t\t\t\t<div class=\"elementor-element elementor-element-ec4a316 elementor-align-center elementor-widget elementor-widget-button\" data-id=\"ec4a316\" data-element_type=\"widget\" data-e-type=\"widget\" data-widget_type=\"button.default\">\n\t\t\t\t<div class=\"elementor-widget-container\">\n\t\t\t\t\t\t\t\t\t<div class=\"elementor-button-wrapper\">\n\t\t\t\t\t<a class=\"elementor-button elementor-button-link elementor-size-sm\" href=\"https:\/\/attali-avocats.fr\/index.php\/droit-penal\/\">\n\t\t\t\t\t\t<span class=\"elementor-button-content-wrapper\">\n\t\t\t\t\t\t\t\t\t<span class=\"elementor-button-text\">REVENIR AUX FORFAITS<\/span>\n\t\t\t\t\t<\/span>\n\t\t\t\t\t<\/a>\n\t\t\t\t<\/div>\n\t\t\t\t\t\t\t\t<\/div>\n\t\t\t\t<\/div>\n\t\t\t\t\t<\/div>\n\t\t<\/div>\n\t\t\t\t\t<\/div>\n\t\t<\/section>\n\t\t\t\t<\/div>\n\t\t","protected":false},"excerpt":{"rendered":"<p>INSTRUCTION Pendant une phase d&rsquo;instruction, avec ou sans d\u00e9tention provisoire, le cabinet de Benjamin Attali assiste la victime ou le mis en cause. L&rsquo;instruction est une \u00e9tape de la proc\u00e9dure p\u00e9nale. Elle est\u00a0obligatoire lorsqu\u2019un\u00a0crime\u00a0a \u00e9t\u00e9 commis. Elle est\u00a0facultative\u00a0en mati\u00e8re de\u00a0d\u00e9lit\u00a0et de\u00a0contravention. L&rsquo;instruction est men\u00e9e par un juge sp\u00e9cialis\u00e9, appel\u00e9 juge d\u2019instruction. Son r\u00f4le est de [&hellip;]<\/p>\n","protected":false},"author":1,"featured_media":0,"parent":0,"menu_order":0,"comment_status":"closed","ping_status":"closed","template":"","meta":{"om_disable_all_campaigns":false,"_monsterinsights_skip_tracking":false,"_monsterinsights_sitenote_active":false,"_monsterinsights_sitenote_note":"","_monsterinsights_sitenote_category":0,"site-sidebar-layout":"no-sidebar","site-content-layout":"page-builder","ast-site-content-layout":"full-width-container","site-content-style":"default","site-sidebar-style":"default","ast-global-header-display":"","ast-banner-title-visibility":"","ast-main-header-display":"","ast-hfb-above-header-display":"","ast-hfb-below-header-display":"","ast-hfb-mobile-header-display":"","site-post-title":"disabled","ast-breadcrumbs-content":"","ast-featured-img":"disabled","footer-sml-layout":"","ast-disable-related-posts":"","theme-transparent-header-meta":"","adv-header-id-meta":"","stick-header-meta":"","header-above-stick-meta":"","header-main-stick-meta":"","header-below-stick-meta":"","astra-migrate-meta-layouts":"set","ast-page-background-enabled":"default","ast-page-background-meta":{"desktop":{"background-color":"","background-image":"","background-repeat":"repeat","background-position":"center center","background-size":"auto","background-attachment":"scroll","background-type":"","background-media":"","overlay-type":"","overlay-color":"","overlay-opacity":"","overlay-gradient":""},"tablet":{"background-color":"","background-image":"","background-repeat":"repeat","background-position":"center center","background-size":"auto","background-attachment":"scroll","background-type":"","background-media":"","overlay-type":"","overlay-color":"","overlay-opacity":"","overlay-gradient":""},"mobile":{"background-color":"","background-image":"","background-repeat":"repeat","background-position":"center center","background-size":"auto","background-attachment":"scroll","background-type":"","background-media":"","overlay-type":"","overlay-color":"","overlay-opacity":"","overlay-gradient":""}},"ast-content-background-meta":{"desktop":{"background-color":"var(--ast-global-color-5)","background-image":"","background-repeat":"repeat","background-position":"center center","background-size":"auto","background-attachment":"scroll","background-type":"","background-media":"","overlay-type":"","overlay-color":"","overlay-opacity":"","overlay-gradient":""},"tablet":{"background-color":"var(--ast-global-color-5)","background-image":"","background-repeat":"repeat","background-position":"center center","background-size":"auto","background-attachment":"scroll","background-type":"","background-media":"","overlay-type":"","overlay-color":"","overlay-opacity":"","overlay-gradient":""},"mobile":{"background-color":"var(--ast-global-color-5)","background-image":"","background-repeat":"repeat","background-position":"center center","background-size":"auto","background-attachment":"scroll","background-type":"","background-media":"","overlay-type":"","overlay-color":"","overlay-opacity":"","overlay-gradient":""}},"footnotes":""},"class_list":["post-6675","page","type-page","status-publish","hentry"],"yoast_head":"<!-- This site is optimized with the Yoast SEO plugin v27.5 - https:\/\/yoast.com\/product\/yoast-seo-wordpress\/ -->\n<title>Elementor #6675 - ATTALI AVOCATS<\/title>\n<meta name=\"robots\" content=\"index, follow, max-snippet:-1, max-image-preview:large, max-video-preview:-1\" \/>\n<link rel=\"canonical\" href=\"https:\/\/attali-avocats.fr\/index.php\/instruction\/\" \/>\n<meta property=\"og:locale\" content=\"fr_FR\" \/>\n<meta property=\"og:type\" content=\"article\" \/>\n<meta property=\"og:title\" content=\"Elementor #6675 - ATTALI AVOCATS\" \/>\n<meta property=\"og:description\" content=\"INSTRUCTION Pendant une phase d&rsquo;instruction, avec ou sans d\u00e9tention provisoire, le cabinet de Benjamin Attali assiste la victime ou le mis en cause. L&rsquo;instruction est une \u00e9tape de la proc\u00e9dure p\u00e9nale. Elle est\u00a0obligatoire lorsqu\u2019un\u00a0crime\u00a0a \u00e9t\u00e9 commis. Elle est\u00a0facultative\u00a0en mati\u00e8re de\u00a0d\u00e9lit\u00a0et de\u00a0contravention. L&rsquo;instruction est men\u00e9e par un juge sp\u00e9cialis\u00e9, appel\u00e9 juge d\u2019instruction. Son r\u00f4le est de [&hellip;]\" \/>\n<meta property=\"og:url\" content=\"https:\/\/attali-avocats.fr\/index.php\/instruction\/\" \/>\n<meta property=\"og:site_name\" content=\"ATTALI AVOCATS\" \/>\n<meta property=\"article:modified_time\" content=\"2025-03-05T13:53:38+00:00\" \/>\n<meta name=\"twitter:card\" content=\"summary_large_image\" \/>\n<meta name=\"twitter:label1\" content=\"Dur\u00e9e de lecture estim\u00e9e\" \/>\n\t<meta name=\"twitter:data1\" content=\"1 minute\" \/>\n<script type=\"application\/ld+json\" class=\"yoast-schema-graph\">{\"@context\":\"https:\\\/\\\/schema.org\",\"@graph\":[{\"@type\":\"WebPage\",\"@id\":\"https:\\\/\\\/attali-avocats.fr\\\/index.php\\\/instruction\\\/\",\"url\":\"https:\\\/\\\/attali-avocats.fr\\\/index.php\\\/instruction\\\/\",\"name\":\"Elementor #6675 - ATTALI AVOCATS\",\"isPartOf\":{\"@id\":\"https:\\\/\\\/attali-avocats.fr\\\/#website\"},\"datePublished\":\"2025-03-03T15:40:10+00:00\",\"dateModified\":\"2025-03-05T13:53:38+00:00\",\"breadcrumb\":{\"@id\":\"https:\\\/\\\/attali-avocats.fr\\\/index.php\\\/instruction\\\/#breadcrumb\"},\"inLanguage\":\"fr-FR\",\"potentialAction\":[{\"@type\":\"ReadAction\",\"target\":[\"https:\\\/\\\/attali-avocats.fr\\\/index.php\\\/instruction\\\/\"]}]},{\"@type\":\"BreadcrumbList\",\"@id\":\"https:\\\/\\\/attali-avocats.fr\\\/index.php\\\/instruction\\\/#breadcrumb\",\"itemListElement\":[{\"@type\":\"ListItem\",\"position\":1,\"name\":\"Accueil\",\"item\":\"https:\\\/\\\/attali-avocats.fr\\\/\"},{\"@type\":\"ListItem\",\"position\":2,\"name\":\"Elementor #6675\"}]},{\"@type\":\"WebSite\",\"@id\":\"https:\\\/\\\/attali-avocats.fr\\\/#website\",\"url\":\"https:\\\/\\\/attali-avocats.fr\\\/\",\"name\":\"ATTALI AVOCATS\",\"description\":\"Cabinet group\u00e9\",\"publisher\":{\"@id\":\"https:\\\/\\\/attali-avocats.fr\\\/#organization\"},\"potentialAction\":[{\"@type\":\"SearchAction\",\"target\":{\"@type\":\"EntryPoint\",\"urlTemplate\":\"https:\\\/\\\/attali-avocats.fr\\\/?s={search_term_string}\"},\"query-input\":{\"@type\":\"PropertyValueSpecification\",\"valueRequired\":true,\"valueName\":\"search_term_string\"}}],\"inLanguage\":\"fr-FR\"},{\"@type\":\"Organization\",\"@id\":\"https:\\\/\\\/attali-avocats.fr\\\/#organization\",\"name\":\"ATTALI AVOCATS\",\"url\":\"https:\\\/\\\/attali-avocats.fr\\\/\",\"logo\":{\"@type\":\"ImageObject\",\"inLanguage\":\"fr-FR\",\"@id\":\"https:\\\/\\\/attali-avocats.fr\\\/#\\\/schema\\\/logo\\\/image\\\/\",\"url\":\"https:\\\/\\\/attali-avocats.fr\\\/wp-content\\\/uploads\\\/2022\\\/04\\\/cropped-cropped-cropped-cropped-Logo-CNB-1.jpg\",\"contentUrl\":\"https:\\\/\\\/attali-avocats.fr\\\/wp-content\\\/uploads\\\/2022\\\/04\\\/cropped-cropped-cropped-cropped-Logo-CNB-1.jpg\",\"width\":149,\"height\":292,\"caption\":\"ATTALI AVOCATS\"},\"image\":{\"@id\":\"https:\\\/\\\/attali-avocats.fr\\\/#\\\/schema\\\/logo\\\/image\\\/\"}}]}<\/script>\n<!-- \/ Yoast SEO plugin. -->","yoast_head_json":{"title":"Elementor #6675 - ATTALI AVOCATS","robots":{"index":"index","follow":"follow","max-snippet":"max-snippet:-1","max-image-preview":"max-image-preview:large","max-video-preview":"max-video-preview:-1"},"canonical":"https:\/\/attali-avocats.fr\/index.php\/instruction\/","og_locale":"fr_FR","og_type":"article","og_title":"Elementor #6675 - ATTALI AVOCATS","og_description":"INSTRUCTION Pendant une phase d&rsquo;instruction, avec ou sans d\u00e9tention provisoire, le cabinet de Benjamin Attali assiste la victime ou le mis en cause. L&rsquo;instruction est une \u00e9tape de la proc\u00e9dure p\u00e9nale. Elle est\u00a0obligatoire lorsqu\u2019un\u00a0crime\u00a0a \u00e9t\u00e9 commis. Elle est\u00a0facultative\u00a0en mati\u00e8re de\u00a0d\u00e9lit\u00a0et de\u00a0contravention. L&rsquo;instruction est men\u00e9e par un juge sp\u00e9cialis\u00e9, appel\u00e9 juge d\u2019instruction. Son r\u00f4le est de [&hellip;]","og_url":"https:\/\/attali-avocats.fr\/index.php\/instruction\/","og_site_name":"ATTALI AVOCATS","article_modified_time":"2025-03-05T13:53:38+00:00","twitter_card":"summary_large_image","twitter_misc":{"Dur\u00e9e de lecture estim\u00e9e":"1 minute"},"schema":{"@context":"https:\/\/schema.org","@graph":[{"@type":"WebPage","@id":"https:\/\/attali-avocats.fr\/index.php\/instruction\/","url":"https:\/\/attali-avocats.fr\/index.php\/instruction\/","name":"Elementor #6675 - ATTALI AVOCATS","isPartOf":{"@id":"https:\/\/attali-avocats.fr\/#website"},"datePublished":"2025-03-03T15:40:10+00:00","dateModified":"2025-03-05T13:53:38+00:00","breadcrumb":{"@id":"https:\/\/attali-avocats.fr\/index.php\/instruction\/#breadcrumb"},"inLanguage":"fr-FR","potentialAction":[{"@type":"ReadAction","target":["https:\/\/attali-avocats.fr\/index.php\/instruction\/"]}]},{"@type":"BreadcrumbList","@id":"https:\/\/attali-avocats.fr\/index.php\/instruction\/#breadcrumb","itemListElement":[{"@type":"ListItem","position":1,"name":"Accueil","item":"https:\/\/attali-avocats.fr\/"},{"@type":"ListItem","position":2,"name":"Elementor #6675"}]},{"@type":"WebSite","@id":"https:\/\/attali-avocats.fr\/#website","url":"https:\/\/attali-avocats.fr\/","name":"ATTALI AVOCATS","description":"Cabinet group\u00e9","publisher":{"@id":"https:\/\/attali-avocats.fr\/#organization"},"potentialAction":[{"@type":"SearchAction","target":{"@type":"EntryPoint","urlTemplate":"https:\/\/attali-avocats.fr\/?s={search_term_string}"},"query-input":{"@type":"PropertyValueSpecification","valueRequired":true,"valueName":"search_term_string"}}],"inLanguage":"fr-FR"},{"@type":"Organization","@id":"https:\/\/attali-avocats.fr\/#organization","name":"ATTALI AVOCATS","url":"https:\/\/attali-avocats.fr\/","logo":{"@type":"ImageObject","inLanguage":"fr-FR","@id":"https:\/\/attali-avocats.fr\/#\/schema\/logo\/image\/","url":"https:\/\/attali-avocats.fr\/wp-content\/uploads\/2022\/04\/cropped-cropped-cropped-cropped-Logo-CNB-1.jpg","contentUrl":"https:\/\/attali-avocats.fr\/wp-content\/uploads\/2022\/04\/cropped-cropped-cropped-cropped-Logo-CNB-1.jpg","width":149,"height":292,"caption":"ATTALI AVOCATS"},"image":{"@id":"https:\/\/attali-avocats.fr\/#\/schema\/logo\/image\/"}}]}},"_links":{"self":[{"href":"https:\/\/attali-avocats.fr\/index.php\/wp-json\/wp\/v2\/pages\/6675","targetHints":{"allow":["GET"]}}],"collection":[{"href":"https:\/\/attali-avocats.fr\/index.php\/wp-json\/wp\/v2\/pages"}],"about":[{"href":"https:\/\/attali-avocats.fr\/index.php\/wp-json\/wp\/v2\/types\/page"}],"author":[{"embeddable":true,"href":"https:\/\/attali-avocats.fr\/index.php\/wp-json\/wp\/v2\/users\/1"}],"replies":[{"embeddable":true,"href":"https:\/\/attali-avocats.fr\/index.php\/wp-json\/wp\/v2\/comments?post=6675"}],"version-history":[{"count":23,"href":"https:\/\/attali-avocats.fr\/index.php\/wp-json\/wp\/v2\/pages\/6675\/revisions"}],"predecessor-version":[{"id":6762,"href":"https:\/\/attali-avocats.fr\/index.php\/wp-json\/wp\/v2\/pages\/6675\/revisions\/6762"}],"wp:attachment":[{"href":"https:\/\/attali-avocats.fr\/index.php\/wp-json\/wp\/v2\/media?parent=6675"}],"curies":[{"name":"wp","href":"https:\/\/api.w.org\/{rel}","templated":true}]}}