{"id":838,"date":"2022-04-23T11:18:39","date_gmt":"2022-04-23T09:18:39","guid":{"rendered":"http:\/\/attali-avocats.fr\/?page_id=838"},"modified":"2025-03-10T16:57:04","modified_gmt":"2025-03-10T15:57:04","slug":"accueil","status":"publish","type":"page","link":"https:\/\/attali-avocats.fr\/","title":{"rendered":""},"content":{"rendered":"\t\t<div data-elementor-type=\"wp-page\" data-elementor-id=\"838\" class=\"elementor elementor-838\">\n\t\t\t\t\t\t<section class=\"elementor-section elementor-top-section elementor-element elementor-element-b4c9632 elementor-section-height-min-height elementor-section-items-stretch elementor-section-content-middle elementor-reverse-mobile elementor-section-boxed elementor-section-height-default\" data-id=\"b4c9632\" data-element_type=\"section\" data-e-type=\"section\" data-settings=\"{&quot;animation&quot;:&quot;none&quot;}\">\n\t\t\t\t\t\t<div class=\"elementor-container elementor-column-gap-no\">\n\t\t\t\t\t<div class=\"elementor-column elementor-col-50 elementor-top-column elementor-element elementor-element-1b56e75\" data-id=\"1b56e75\" data-element_type=\"column\" data-e-type=\"column\">\n\t\t\t<div class=\"elementor-widget-wrap elementor-element-populated\">\n\t\t\t\t\t\t<div class=\"elementor-element elementor-element-b7b4d5d elementor-invisible elementor-widget elementor-widget-image\" data-id=\"b7b4d5d\" data-element_type=\"widget\" data-e-type=\"widget\" data-settings=\"{&quot;_animation&quot;:&quot;slideInLeft&quot;}\" data-widget_type=\"image.default\">\n\t\t\t\t<div class=\"elementor-widget-container\">\n\t\t\t\t\t\t\t\t\t\t\t\t\t\t\t<img fetchpriority=\"high\" decoding=\"async\" width=\"612\" height=\"408\" src=\"https:\/\/attali-avocats.fr\/wp-content\/uploads\/2022\/04\/5E30DE39-77D4-41A3-BDE7-BC35ED346C5D.jpeg\" class=\"attachment-full size-full wp-image-1107\" alt=\"\" srcset=\"https:\/\/attali-avocats.fr\/wp-content\/uploads\/2022\/04\/5E30DE39-77D4-41A3-BDE7-BC35ED346C5D.jpeg 612w, https:\/\/attali-avocats.fr\/wp-content\/uploads\/2022\/04\/5E30DE39-77D4-41A3-BDE7-BC35ED346C5D-300x200.jpeg 300w\" sizes=\"(max-width: 612px) 100vw, 612px\" \/>\t\t\t\t\t\t\t\t\t\t\t\t\t\t\t<\/div>\n\t\t\t\t<\/div>\n\t\t\t\t\t<\/div>\n\t\t<\/div>\n\t\t\t\t<div class=\"elementor-column elementor-col-50 elementor-top-column elementor-element elementor-element-d9bf44a elementor-invisible\" data-id=\"d9bf44a\" data-element_type=\"column\" data-e-type=\"column\" data-settings=\"{&quot;background_background&quot;:&quot;classic&quot;,&quot;animation&quot;:&quot;slideInRight&quot;}\">\n\t\t\t<div class=\"elementor-widget-wrap elementor-element-populated\">\n\t\t\t\t\t\t<div class=\"elementor-element elementor-element-2b6ddd6 animated-slow elementor-widget elementor-widget-text-editor\" data-id=\"2b6ddd6\" data-element_type=\"widget\" data-e-type=\"widget\" data-settings=\"{&quot;_animation&quot;:&quot;none&quot;}\" data-widget_type=\"text-editor.default\">\n\t\t\t\t<div class=\"elementor-widget-container\">\n\t\t\t\t\t\t\t\t\t<p><strong>ATTALI AVOCATS est un cabinet group\u00e9 localis\u00e9 \u00e0 Strasbourg dont sont membres l&rsquo;entreprise BENJAMIN ATTALI EI et la soci\u00e9t\u00e9 d&rsquo;exercice lib\u00e9ral ATTALI ASSOCIES ayant pour associ\u00e9 unique Ma\u00eetre David ATTALI.<\/strong><\/p>\t\t\t\t\t\t\t\t<\/div>\n\t\t\t\t<\/div>\n\t\t\t\t\t<\/div>\n\t\t<\/div>\n\t\t\t\t\t<\/div>\n\t\t<\/section>\n\t\t\t\t<section class=\"elementor-section elementor-top-section elementor-element elementor-element-8597440 elementor-section-height-min-height elementor-section-items-top elementor-section-content-top elementor-section-boxed elementor-section-height-default\" data-id=\"8597440\" data-element_type=\"section\" data-e-type=\"section\">\n\t\t\t\t\t\t<div class=\"elementor-container elementor-column-gap-default\">\n\t\t\t\t\t<div class=\"elementor-column elementor-col-50 elementor-top-column elementor-element elementor-element-e80bde8\" data-id=\"e80bde8\" data-element_type=\"column\" data-e-type=\"column\">\n\t\t\t<div class=\"elementor-widget-wrap elementor-element-populated\">\n\t\t\t\t\t\t<div class=\"elementor-element elementor-element-5240ae5 elementor-widget elementor-widget-heading\" data-id=\"5240ae5\" data-element_type=\"widget\" data-e-type=\"widget\" data-widget_type=\"heading.default\">\n\t\t\t\t<div class=\"elementor-widget-container\">\n\t\t\t\t\t<h2 class=\"elementor-heading-title elementor-size-large\">Me Benjamin ATTALI<\/h2>\t\t\t\t<\/div>\n\t\t\t\t<\/div>\n\t\t\t\t<div class=\"elementor-element elementor-element-b16f605 elementor-widget elementor-widget-text-editor\" data-id=\"b16f605\" data-element_type=\"widget\" data-e-type=\"widget\" data-widget_type=\"text-editor.default\">\n\t\t\t\t<div class=\"elementor-widget-container\">\n\t\t\t\t\t\t\t\t\t<p>Domaines d&rsquo;activit\u00e9s dominantes :<\/p><h5><strong>DROIT DU TRAVAIL<\/strong><\/h5><h5>DROIT P<strong>\u00c9<\/strong>NAL<\/h5><p>T\u00e9l. : 07.56.80.06.70<\/p><p>M\u00e9l. : benjamin@attali-avocats.fr<\/p>\t\t\t\t\t\t\t\t<\/div>\n\t\t\t\t<\/div>\n\t\t\t\t\t<\/div>\n\t\t<\/div>\n\t\t\t\t<div class=\"elementor-column elementor-col-50 elementor-top-column elementor-element elementor-element-4e6ac44\" data-id=\"4e6ac44\" data-element_type=\"column\" data-e-type=\"column\">\n\t\t\t<div class=\"elementor-widget-wrap elementor-element-populated\">\n\t\t\t\t\t\t<div class=\"elementor-element elementor-element-f3310bd elementor-widget elementor-widget-heading\" data-id=\"f3310bd\" data-element_type=\"widget\" data-e-type=\"widget\" data-widget_type=\"heading.default\">\n\t\t\t\t<div class=\"elementor-widget-container\">\n\t\t\t\t\t<h2 class=\"elementor-heading-title elementor-size-large\">Me David ATTALI<\/h2>\t\t\t\t<\/div>\n\t\t\t\t<\/div>\n\t\t\t\t<div class=\"elementor-element elementor-element-0aa0a7c elementor-widget elementor-widget-text-editor\" data-id=\"0aa0a7c\" data-element_type=\"widget\" data-e-type=\"widget\" data-widget_type=\"text-editor.default\">\n\t\t\t\t<div class=\"elementor-widget-container\">\n\t\t\t\t\t\t\t\t\t<p>Domaines d&rsquo;activit\u00e9s dominantes :<\/p><h5>DROIT DU DOMMAGE CORPOREL<\/h5><h5>DROIT MEDICAL ET DE LA SANTE<\/h5><h5>DROIT DE LA SECURITE SOCIALE<\/h5><p>T\u00e9l. : 03.88.98.99.52<\/p><p>M\u00e9l. : david@attali-avocats.fr<\/p>\t\t\t\t\t\t\t\t<\/div>\n\t\t\t\t<\/div>\n\t\t\t\t\t<\/div>\n\t\t<\/div>\n\t\t\t\t\t<\/div>\n\t\t<\/section>\n\t\t\t\t<\/div>\n\t\t","protected":false},"excerpt":{"rendered":"<p>ATTALI AVOCATS est un cabinet group\u00e9 localis\u00e9 \u00e0 Strasbourg dont sont membres l&rsquo;entreprise BENJAMIN ATTALI EI et la soci\u00e9t\u00e9 d&rsquo;exercice lib\u00e9ral ATTALI ASSOCIES ayant pour associ\u00e9 unique Ma\u00eetre David ATTALI. Me Benjamin ATTALI Domaines d&rsquo;activit\u00e9s dominantes : DROIT DU TRAVAIL DROIT P\u00c9NAL T\u00e9l. : 07.56.80.06.70 M\u00e9l. : benjamin@attali-avocats.fr Me David ATTALI Domaines d&rsquo;activit\u00e9s dominantes : [&hellip;]<\/p>\n","protected":false},"author":1,"featured_media":0,"parent":0,"menu_order":0,"comment_status":"closed","ping_status":"closed","template":"","meta":{"om_disable_all_campaigns":false,"_monsterinsights_skip_tracking":false,"_monsterinsights_sitenote_active":false,"_monsterinsights_sitenote_note":"","_monsterinsights_sitenote_category":0,"site-sidebar-layout":"default","site-content-layout":"","ast-site-content-layout":"default","site-content-style":"default","site-sidebar-style":"default","ast-global-header-display":"","ast-banner-title-visibility":"","ast-main-header-display":"","ast-hfb-above-header-display":"","ast-hfb-below-header-display":"","ast-hfb-mobile-header-display":"","site-post-title":"","ast-breadcrumbs-content":"","ast-featured-img":"","footer-sml-layout":"","ast-disable-related-posts":"","theme-transparent-header-meta":"","adv-header-id-meta":"","stick-header-meta":"","header-above-stick-meta":"","header-main-stick-meta":"","header-below-stick-meta":"","astra-migrate-meta-layouts":"set","ast-page-background-enabled":"default","ast-page-background-meta":{"desktop":{"background-color":"","background-image":"","background-repeat":"repeat","background-position":"center center","background-size":"auto","background-attachment":"scroll","background-type":"","background-media":"","overlay-type":"","overlay-color":"","overlay-opacity":"","overlay-gradient":""},"tablet":{"background-color":"","background-image":"","background-repeat":"repeat","background-position":"center center","background-size":"auto","background-attachment":"scroll","background-type":"","background-media":"","overlay-type":"","overlay-color":"","overlay-opacity":"","overlay-gradient":""},"mobile":{"background-color":"","background-image":"","background-repeat":"repeat","background-position":"center center","background-size":"auto","background-attachment":"scroll","background-type":"","background-media":"","overlay-type":"","overlay-color":"","overlay-opacity":"","overlay-gradient":""}},"ast-content-background-meta":{"desktop":{"background-color":"var(--ast-global-color-5)","background-image":"","background-repeat":"repeat","background-position":"center center","background-size":"auto","background-attachment":"scroll","background-type":"","background-media":"","overlay-type":"","overlay-color":"","overlay-opacity":"","overlay-gradient":""},"tablet":{"background-color":"var(--ast-global-color-5)","background-image":"","background-repeat":"repeat","background-position":"center center","background-size":"auto","background-attachment":"scroll","background-type":"","background-media":"","overlay-type":"","overlay-color":"","overlay-opacity":"","overlay-gradient":""},"mobile":{"background-color":"var(--ast-global-color-5)","background-image":"","background-repeat":"repeat","background-position":"center center","background-size":"auto","background-attachment":"scroll","background-type":"","background-media":"","overlay-type":"","overlay-color":"","overlay-opacity":"","overlay-gradient":""}},"footnotes":""},"class_list":["post-838","page","type-page","status-publish","hentry"],"yoast_head":"<!-- This site is optimized with the Yoast SEO plugin v27.5 - https:\/\/yoast.com\/product\/yoast-seo-wordpress\/ -->\n<title>ATTALI AVOCATS<\/title>\n<meta name=\"description\" content=\"ATTALI AVOCATS est un cabinet group\u00e9 localis\u00e9 \u00e0 Strasbourg dont sont membres Ma\u00eetre Benjamin ATTALI et la soci\u00e9t\u00e9 d\u2019exercice lib\u00e9ral ATTALI ASSOCIES ayant pour associ\u00e9 unique Ma\u00eetre David ATTALI. ATTALI AVOCATS\" \/>\n<meta name=\"robots\" content=\"index, follow, max-snippet:-1, max-image-preview:large, max-video-preview:-1\" \/>\n<link rel=\"canonical\" href=\"https:\/\/attali-avocats.fr\/\" \/>\n<meta property=\"og:locale\" content=\"fr_FR\" \/>\n<meta property=\"og:type\" content=\"article\" \/>\n<meta property=\"og:title\" content=\"ATTALI AVOCATS\" \/>\n<meta property=\"og:description\" content=\"ATTALI AVOCATS est un cabinet group\u00e9 localis\u00e9 \u00e0 Strasbourg dont sont membres Ma\u00eetre Benjamin ATTALI et la soci\u00e9t\u00e9 d\u2019exercice lib\u00e9ral ATTALI ASSOCIES ayant pour associ\u00e9 unique Ma\u00eetre David ATTALI. ATTALI AVOCATS\" \/>\n<meta property=\"og:url\" content=\"https:\/\/attali-avocats.fr\/\" \/>\n<meta property=\"og:site_name\" content=\"ATTALI AVOCATS\" \/>\n<meta property=\"article:modified_time\" content=\"2025-03-10T15:57:04+00:00\" \/>\n<meta property=\"og:image\" content=\"https:\/\/attali-avocats.fr\/wp-content\/uploads\/2022\/04\/5E30DE39-77D4-41A3-BDE7-BC35ED346C5D.jpeg\" \/>\n\t<meta property=\"og:image:width\" content=\"612\" \/>\n\t<meta property=\"og:image:height\" content=\"408\" \/>\n\t<meta property=\"og:image:type\" content=\"image\/jpeg\" \/>\n<meta name=\"twitter:card\" content=\"summary_large_image\" \/>\n<meta name=\"twitter:label1\" content=\"Dur\u00e9e de lecture estim\u00e9e\" \/>\n\t<meta name=\"twitter:data1\" content=\"1 minute\" \/>\n<script type=\"application\/ld+json\" class=\"yoast-schema-graph\">{\"@context\":\"https:\\\/\\\/schema.org\",\"@graph\":[{\"@type\":\"WebPage\",\"@id\":\"https:\\\/\\\/attali-avocats.fr\\\/\",\"url\":\"https:\\\/\\\/attali-avocats.fr\\\/\",\"name\":\"ATTALI AVOCATS\",\"isPartOf\":{\"@id\":\"https:\\\/\\\/attali-avocats.fr\\\/#website\"},\"primaryImageOfPage\":{\"@id\":\"https:\\\/\\\/attali-avocats.fr\\\/#primaryimage\"},\"image\":{\"@id\":\"https:\\\/\\\/attali-avocats.fr\\\/#primaryimage\"},\"thumbnailUrl\":\"https:\\\/\\\/attali-avocats.fr\\\/wp-content\\\/uploads\\\/2022\\\/04\\\/5E30DE39-77D4-41A3-BDE7-BC35ED346C5D.jpeg\",\"datePublished\":\"2022-04-23T09:18:39+00:00\",\"dateModified\":\"2025-03-10T15:57:04+00:00\",\"description\":\"ATTALI AVOCATS est un cabinet group\u00e9 localis\u00e9 \u00e0 Strasbourg dont sont membres Ma\u00eetre Benjamin ATTALI et la soci\u00e9t\u00e9 d\u2019exercice lib\u00e9ral ATTALI ASSOCIES ayant pour associ\u00e9 unique Ma\u00eetre David ATTALI. ATTALI AVOCATS\",\"inLanguage\":\"fr-FR\",\"potentialAction\":[{\"@type\":\"ReadAction\",\"target\":[\"https:\\\/\\\/attali-avocats.fr\\\/\"]}]},{\"@type\":\"ImageObject\",\"inLanguage\":\"fr-FR\",\"@id\":\"https:\\\/\\\/attali-avocats.fr\\\/#primaryimage\",\"url\":\"https:\\\/\\\/attali-avocats.fr\\\/wp-content\\\/uploads\\\/2022\\\/04\\\/5E30DE39-77D4-41A3-BDE7-BC35ED346C5D.jpeg\",\"contentUrl\":\"https:\\\/\\\/attali-avocats.fr\\\/wp-content\\\/uploads\\\/2022\\\/04\\\/5E30DE39-77D4-41A3-BDE7-BC35ED346C5D.jpeg\",\"width\":612,\"height\":408,\"caption\":\"Scales of justice with back-light on wood table. Ideal for home page of law firm website. Can flop and add text as well.\"},{\"@type\":\"WebSite\",\"@id\":\"https:\\\/\\\/attali-avocats.fr\\\/#website\",\"url\":\"https:\\\/\\\/attali-avocats.fr\\\/\",\"name\":\"ATTALI AVOCATS\",\"description\":\"Cabinet group\u00e9\",\"publisher\":{\"@id\":\"https:\\\/\\\/attali-avocats.fr\\\/#organization\"},\"potentialAction\":[{\"@type\":\"SearchAction\",\"target\":{\"@type\":\"EntryPoint\",\"urlTemplate\":\"https:\\\/\\\/attali-avocats.fr\\\/?s={search_term_string}\"},\"query-input\":{\"@type\":\"PropertyValueSpecification\",\"valueRequired\":true,\"valueName\":\"search_term_string\"}}],\"inLanguage\":\"fr-FR\"},{\"@type\":\"Organization\",\"@id\":\"https:\\\/\\\/attali-avocats.fr\\\/#organization\",\"name\":\"ATTALI AVOCATS\",\"url\":\"https:\\\/\\\/attali-avocats.fr\\\/\",\"logo\":{\"@type\":\"ImageObject\",\"inLanguage\":\"fr-FR\",\"@id\":\"https:\\\/\\\/attali-avocats.fr\\\/#\\\/schema\\\/logo\\\/image\\\/\",\"url\":\"https:\\\/\\\/attali-avocats.fr\\\/wp-content\\\/uploads\\\/2022\\\/04\\\/cropped-cropped-cropped-cropped-Logo-CNB-1.jpg\",\"contentUrl\":\"https:\\\/\\\/attali-avocats.fr\\\/wp-content\\\/uploads\\\/2022\\\/04\\\/cropped-cropped-cropped-cropped-Logo-CNB-1.jpg\",\"width\":149,\"height\":292,\"caption\":\"ATTALI AVOCATS\"},\"image\":{\"@id\":\"https:\\\/\\\/attali-avocats.fr\\\/#\\\/schema\\\/logo\\\/image\\\/\"}}]}<\/script>\n<!-- \/ Yoast SEO plugin. -->","yoast_head_json":{"title":"ATTALI AVOCATS","description":"ATTALI AVOCATS est un cabinet group\u00e9 localis\u00e9 \u00e0 Strasbourg dont sont membres Ma\u00eetre Benjamin ATTALI et la soci\u00e9t\u00e9 d\u2019exercice lib\u00e9ral ATTALI ASSOCIES ayant pour associ\u00e9 unique Ma\u00eetre David ATTALI. ATTALI AVOCATS","robots":{"index":"index","follow":"follow","max-snippet":"max-snippet:-1","max-image-preview":"max-image-preview:large","max-video-preview":"max-video-preview:-1"},"canonical":"https:\/\/attali-avocats.fr\/","og_locale":"fr_FR","og_type":"article","og_title":"ATTALI AVOCATS","og_description":"ATTALI AVOCATS est un cabinet group\u00e9 localis\u00e9 \u00e0 Strasbourg dont sont membres Ma\u00eetre Benjamin ATTALI et la soci\u00e9t\u00e9 d\u2019exercice lib\u00e9ral ATTALI ASSOCIES ayant pour associ\u00e9 unique Ma\u00eetre David ATTALI. ATTALI AVOCATS","og_url":"https:\/\/attali-avocats.fr\/","og_site_name":"ATTALI AVOCATS","article_modified_time":"2025-03-10T15:57:04+00:00","og_image":[{"width":612,"height":408,"url":"https:\/\/attali-avocats.fr\/wp-content\/uploads\/2022\/04\/5E30DE39-77D4-41A3-BDE7-BC35ED346C5D.jpeg","type":"image\/jpeg"}],"twitter_card":"summary_large_image","twitter_misc":{"Dur\u00e9e de lecture estim\u00e9e":"1 minute"},"schema":{"@context":"https:\/\/schema.org","@graph":[{"@type":"WebPage","@id":"https:\/\/attali-avocats.fr\/","url":"https:\/\/attali-avocats.fr\/","name":"ATTALI AVOCATS","isPartOf":{"@id":"https:\/\/attali-avocats.fr\/#website"},"primaryImageOfPage":{"@id":"https:\/\/attali-avocats.fr\/#primaryimage"},"image":{"@id":"https:\/\/attali-avocats.fr\/#primaryimage"},"thumbnailUrl":"https:\/\/attali-avocats.fr\/wp-content\/uploads\/2022\/04\/5E30DE39-77D4-41A3-BDE7-BC35ED346C5D.jpeg","datePublished":"2022-04-23T09:18:39+00:00","dateModified":"2025-03-10T15:57:04+00:00","description":"ATTALI AVOCATS est un cabinet group\u00e9 localis\u00e9 \u00e0 Strasbourg dont sont membres Ma\u00eetre Benjamin ATTALI et la soci\u00e9t\u00e9 d\u2019exercice lib\u00e9ral ATTALI ASSOCIES ayant pour associ\u00e9 unique Ma\u00eetre David ATTALI. ATTALI AVOCATS","inLanguage":"fr-FR","potentialAction":[{"@type":"ReadAction","target":["https:\/\/attali-avocats.fr\/"]}]},{"@type":"ImageObject","inLanguage":"fr-FR","@id":"https:\/\/attali-avocats.fr\/#primaryimage","url":"https:\/\/attali-avocats.fr\/wp-content\/uploads\/2022\/04\/5E30DE39-77D4-41A3-BDE7-BC35ED346C5D.jpeg","contentUrl":"https:\/\/attali-avocats.fr\/wp-content\/uploads\/2022\/04\/5E30DE39-77D4-41A3-BDE7-BC35ED346C5D.jpeg","width":612,"height":408,"caption":"Scales of justice with back-light on wood table. Ideal for home page of law firm website. Can flop and add text as well."},{"@type":"WebSite","@id":"https:\/\/attali-avocats.fr\/#website","url":"https:\/\/attali-avocats.fr\/","name":"ATTALI AVOCATS","description":"Cabinet group\u00e9","publisher":{"@id":"https:\/\/attali-avocats.fr\/#organization"},"potentialAction":[{"@type":"SearchAction","target":{"@type":"EntryPoint","urlTemplate":"https:\/\/attali-avocats.fr\/?s={search_term_string}"},"query-input":{"@type":"PropertyValueSpecification","valueRequired":true,"valueName":"search_term_string"}}],"inLanguage":"fr-FR"},{"@type":"Organization","@id":"https:\/\/attali-avocats.fr\/#organization","name":"ATTALI AVOCATS","url":"https:\/\/attali-avocats.fr\/","logo":{"@type":"ImageObject","inLanguage":"fr-FR","@id":"https:\/\/attali-avocats.fr\/#\/schema\/logo\/image\/","url":"https:\/\/attali-avocats.fr\/wp-content\/uploads\/2022\/04\/cropped-cropped-cropped-cropped-Logo-CNB-1.jpg","contentUrl":"https:\/\/attali-avocats.fr\/wp-content\/uploads\/2022\/04\/cropped-cropped-cropped-cropped-Logo-CNB-1.jpg","width":149,"height":292,"caption":"ATTALI AVOCATS"},"image":{"@id":"https:\/\/attali-avocats.fr\/#\/schema\/logo\/image\/"}}]}},"_links":{"self":[{"href":"https:\/\/attali-avocats.fr\/index.php\/wp-json\/wp\/v2\/pages\/838","targetHints":{"allow":["GET"]}}],"collection":[{"href":"https:\/\/attali-avocats.fr\/index.php\/wp-json\/wp\/v2\/pages"}],"about":[{"href":"https:\/\/attali-avocats.fr\/index.php\/wp-json\/wp\/v2\/types\/page"}],"author":[{"embeddable":true,"href":"https:\/\/attali-avocats.fr\/index.php\/wp-json\/wp\/v2\/users\/1"}],"replies":[{"embeddable":true,"href":"https:\/\/attali-avocats.fr\/index.php\/wp-json\/wp\/v2\/comments?post=838"}],"version-history":[{"count":757,"href":"https:\/\/attali-avocats.fr\/index.php\/wp-json\/wp\/v2\/pages\/838\/revisions"}],"predecessor-version":[{"id":6827,"href":"https:\/\/attali-avocats.fr\/index.php\/wp-json\/wp\/v2\/pages\/838\/revisions\/6827"}],"wp:attachment":[{"href":"https:\/\/attali-avocats.fr\/index.php\/wp-json\/wp\/v2\/media?parent=838"}],"curies":[{"name":"wp","href":"https:\/\/api.w.org\/{rel}","templated":true}]}}