{"id":873,"date":"2022-04-23T12:06:09","date_gmt":"2022-04-23T10:06:09","guid":{"rendered":"http:\/\/attali-avocats.fr\/?page_id=873"},"modified":"2022-09-22T15:25:50","modified_gmt":"2022-09-22T13:25:50","slug":"honoraires","status":"publish","type":"page","link":"https:\/\/attali-avocats.fr\/index.php\/honoraires\/","title":{"rendered":"HONORAIRES"},"content":{"rendered":"\t\t<div data-elementor-type=\"wp-page\" data-elementor-id=\"873\" class=\"elementor elementor-873\">\n\t\t\t\t\t\t<section class=\"elementor-section elementor-top-section elementor-element elementor-element-cd29e60 elementor-section-boxed elementor-section-height-default elementor-section-height-default\" data-id=\"cd29e60\" data-element_type=\"section\" data-e-type=\"section\">\n\t\t\t\t\t\t<div class=\"elementor-container elementor-column-gap-default\">\n\t\t\t\t\t<div class=\"elementor-column elementor-col-100 elementor-top-column elementor-element elementor-element-30fd638\" data-id=\"30fd638\" data-element_type=\"column\" data-e-type=\"column\">\n\t\t\t<div class=\"elementor-widget-wrap elementor-element-populated\">\n\t\t\t\t\t\t<div class=\"elementor-element elementor-element-6264ac6 elementor-widget elementor-widget-heading\" data-id=\"6264ac6\" data-element_type=\"widget\" data-e-type=\"widget\" data-widget_type=\"heading.default\">\n\t\t\t\t<div class=\"elementor-widget-container\">\n\t\t\t\t\t<h2 class=\"elementor-heading-title elementor-size-xl\">HONORAIRES<\/h2>\t\t\t\t<\/div>\n\t\t\t\t<\/div>\n\t\t\t\t\t<\/div>\n\t\t<\/div>\n\t\t\t\t\t<\/div>\n\t\t<\/section>\n\t\t\t\t<section class=\"elementor-section elementor-top-section elementor-element elementor-element-e1ab7ae elementor-section-boxed elementor-section-height-default elementor-section-height-default\" data-id=\"e1ab7ae\" data-element_type=\"section\" data-e-type=\"section\">\n\t\t\t\t\t\t<div class=\"elementor-container elementor-column-gap-default\">\n\t\t\t\t\t<div class=\"elementor-column elementor-col-50 elementor-top-column elementor-element elementor-element-a269825\" data-id=\"a269825\" data-element_type=\"column\" data-e-type=\"column\">\n\t\t\t<div class=\"elementor-widget-wrap\">\n\t\t\t\t\t\t\t<\/div>\n\t\t<\/div>\n\t\t\t\t<div class=\"elementor-column elementor-col-50 elementor-top-column elementor-element elementor-element-382d781\" data-id=\"382d781\" data-element_type=\"column\" data-e-type=\"column\" data-settings=\"{&quot;background_background&quot;:&quot;classic&quot;}\">\n\t\t\t<div class=\"elementor-widget-wrap elementor-element-populated\">\n\t\t\t\t\t\t<div class=\"elementor-element elementor-element-04ef6c8 elementor-widget elementor-widget-heading\" data-id=\"04ef6c8\" data-element_type=\"widget\" data-e-type=\"widget\" data-widget_type=\"heading.default\">\n\t\t\t\t<div class=\"elementor-widget-container\">\n\t\t\t\t\t<h2 class=\"elementor-heading-title elementor-size-small\">HONORAIRES DE POSTULATION OU DE VACATION<\/h2>\t\t\t\t<\/div>\n\t\t\t\t<\/div>\n\t\t\t\t<div class=\"elementor-element elementor-element-ae444b4 elementor-align-center elementor-widget elementor-widget-button\" data-id=\"ae444b4\" data-element_type=\"widget\" data-e-type=\"widget\" data-widget_type=\"button.default\">\n\t\t\t\t<div class=\"elementor-widget-container\">\n\t\t\t\t\t\t\t\t\t<div class=\"elementor-button-wrapper\">\n\t\t\t\t\t<a class=\"elementor-button elementor-button-link elementor-size-sm\" href=\"https:\/\/attali-avocats.fr\/index.php\/postulation\/\">\n\t\t\t\t\t\t<span class=\"elementor-button-content-wrapper\">\n\t\t\t\t\t\t\t\t\t<span class=\"elementor-button-text\">EN SAVOIR PLUS<\/span>\n\t\t\t\t\t<\/span>\n\t\t\t\t\t<\/a>\n\t\t\t\t<\/div>\n\t\t\t\t\t\t\t\t<\/div>\n\t\t\t\t<\/div>\n\t\t\t\t\t<\/div>\n\t\t<\/div>\n\t\t\t\t\t<\/div>\n\t\t<\/section>\n\t\t\t\t<section class=\"elementor-section elementor-top-section elementor-element elementor-element-69d6ee7 elementor-section-boxed elementor-section-height-default elementor-section-height-default\" data-id=\"69d6ee7\" data-element_type=\"section\" data-e-type=\"section\" data-settings=\"{&quot;background_background&quot;:&quot;classic&quot;}\">\n\t\t\t\t\t\t<div class=\"elementor-container elementor-column-gap-default\">\n\t\t\t\t\t<div class=\"elementor-column elementor-col-100 elementor-top-column elementor-element elementor-element-1937597\" data-id=\"1937597\" data-element_type=\"column\" data-e-type=\"column\">\n\t\t\t<div class=\"elementor-widget-wrap elementor-element-populated\">\n\t\t\t\t\t\t<div class=\"elementor-element elementor-element-ebf829f elementor-widget elementor-widget-text-editor\" data-id=\"ebf829f\" data-element_type=\"widget\" data-e-type=\"widget\" data-widget_type=\"text-editor.default\">\n\t\t\t\t<div class=\"elementor-widget-container\">\n\t\t\t\t\t\t\t\t\t<p>Sauf en cas d\u2019urgence ou de force majeure ou lorsqu\u2019il intervient au titre de l\u2019aide juridictionnelle totale ou de la troisi\u00e8me partie de la loi n\u00b0 91-647 du 10 juillet 1991 relative \u00e0 l\u2019aide juridique, l\u2019avocat conclut par \u00e9crit avec son client une convention d\u2019honoraires, qui pr\u00e9cise, notamment, le montant ou le mode de d\u00e9termination des honoraires couvrant les diligences pr\u00e9visibles, ainsi que les divers frais et d\u00e9bours envisag\u00e9s.<\/p><h6><strong>D\u00c9TERMINATION DES HONORAIRES<\/strong><\/h6><p>Les honoraires sont fix\u00e9s selon les usages, en fonction de la situation de fortune du client, de la difficult\u00e9 de l\u2019affaire, des frais expos\u00e9s par l\u2019avocat, de sa notori\u00e9t\u00e9 et des diligences de celui-ci. L\u2019avocat charg\u00e9 d\u2019un dossier peut demander des honoraires \u00e0 son client m\u00eame si ce dossier lui est retir\u00e9 avant sa conclusion, dans la mesure du travail accompli.<\/p><h6 class=\"wysiwyg__h5\">\u00c9L\u00c9MENTS DE LA R\u00c9MUN\u00c9RATION<\/h6><p>La r\u00e9mun\u00e9ration de l\u2019avocat est fonction, notamment, de chacun des \u00e9l\u00e9ments suivants conform\u00e9ment aux usages :<\/p><ul><li>le temps consacr\u00e9 \u00e0 l\u2019affaire,<\/li><li>le travail de recherche,<\/li><li>la nature et la difficult\u00e9 de l\u2019affaire,<\/li><li>l\u2019importance des int\u00e9r\u00eats en cause,<\/li><li>l\u2019incidence des frais et charges du cabinet auquel il appartient,<\/li><li>sa notori\u00e9t\u00e9, ses titres, son anciennet\u00e9, son exp\u00e9rience et la sp\u00e9cialisation dont il est titulaire,<\/li><li>les avantages et le r\u00e9sultat obtenus au profit du client par son travail, ainsi que le service rendu \u00e0 celui-ci,<\/li><li>la situation de fortune du client.<\/li><\/ul><p>Les contestations concernant le montant et le recouvrement des honoraires des avocats ne peuvent \u00eatre r\u00e9gl\u00e9es qu&rsquo;en recourant \u00e0 la proc\u00e9dure pr\u00e9vue aux articles 174 et suivants du D\u00e9cret n\u00b091-1197 du 27 novembre 1991 organisant la profession d&rsquo;avocat par des r\u00e9clamations soumises au b\u00e2tonnier du barreau de Strasbourg.<\/p><p>Par application de l&rsquo;article L. 211-3 du Code de la consommation, lors de la conclusion de tout contrat \u00e9crit, le consommateur est inform\u00e9 par le professionnel de la possibilit\u00e9 de recourir, en cas de contestation, \u00e0 la proc\u00e9dure de m\u00e9diation de la consommation dans les conditions pr\u00e9vues au titre Ier du livre VI du Code de la consommation :<\/p><p>M\u00e9diateur de la consommation de la profession d\u2019avocat :<\/p><p>Madame Carole PASCAREL<\/p><p>180 boulevard Haussmann 75008 PARIS<\/p><p style=\"text-align: left;\">Adresse \u00e9lectronique\u00a0: mediateur-conso@mediateur-consommation-avocat.fr<\/p><p style=\"text-align: left;\">Site Internet\u00a0:\u00a0https:\/\/mediateur-consommation-avocat.fr<\/p><p>ou tout autre m\u00e9diateur de son choix dont les coordonn\u00e9es sont disponibles sur le site suivant\u00a0:<\/p><p>https:\/\/www.economie.gouv.fr\/mediation-conso\/saisir-mediateur#secteur%2016<\/p>\t\t\t\t\t\t\t\t<\/div>\n\t\t\t\t<\/div>\n\t\t\t\t\t<\/div>\n\t\t<\/div>\n\t\t\t\t\t<\/div>\n\t\t<\/section>\n\t\t\t\t<\/div>\n\t\t","protected":false},"excerpt":{"rendered":"<p>HONORAIRES HONORAIRES DE POSTULATION OU DE VACATION EN SAVOIR PLUS Sauf en cas d\u2019urgence ou de force majeure ou lorsqu\u2019il intervient au titre de l\u2019aide juridictionnelle totale ou de la troisi\u00e8me partie de la loi n\u00b0 91-647 du 10 juillet 1991 relative \u00e0 l\u2019aide juridique, l\u2019avocat conclut par \u00e9crit avec son client une convention d\u2019honoraires, [&hellip;]<\/p>\n","protected":false},"author":1,"featured_media":0,"parent":0,"menu_order":0,"comment_status":"closed","ping_status":"closed","template":"","meta":{"om_disable_all_campaigns":false,"_monsterinsights_skip_tracking":false,"_monsterinsights_sitenote_active":false,"_monsterinsights_sitenote_note":"","_monsterinsights_sitenote_category":0,"site-sidebar-layout":"no-sidebar","site-content-layout":"page-builder","ast-site-content-layout":"default","site-content-style":"default","site-sidebar-style":"default","ast-global-header-display":"","ast-banner-title-visibility":"","ast-main-header-display":"","ast-hfb-above-header-display":"","ast-hfb-below-header-display":"","ast-hfb-mobile-header-display":"","site-post-title":"disabled","ast-breadcrumbs-content":"","ast-featured-img":"disabled","footer-sml-layout":"","ast-disable-related-posts":"","theme-transparent-header-meta":"","adv-header-id-meta":"","stick-header-meta":"","header-above-stick-meta":"","header-main-stick-meta":"","header-below-stick-meta":"","astra-migrate-meta-layouts":"default","ast-page-background-enabled":"default","ast-page-background-meta":{"desktop":{"background-color":"","background-image":"","background-repeat":"repeat","background-position":"center center","background-size":"auto","background-attachment":"scroll","background-type":"","background-media":"","overlay-type":"","overlay-color":"","overlay-opacity":"","overlay-gradient":""},"tablet":{"background-color":"","background-image":"","background-repeat":"repeat","background-position":"center center","background-size":"auto","background-attachment":"scroll","background-type":"","background-media":"","overlay-type":"","overlay-color":"","overlay-opacity":"","overlay-gradient":""},"mobile":{"background-color":"","background-image":"","background-repeat":"repeat","background-position":"center center","background-size":"auto","background-attachment":"scroll","background-type":"","background-media":"","overlay-type":"","overlay-color":"","overlay-opacity":"","overlay-gradient":""}},"ast-content-background-meta":{"desktop":{"background-color":"var(--ast-global-color-5)","background-image":"","background-repeat":"repeat","background-position":"center center","background-size":"auto","background-attachment":"scroll","background-type":"","background-media":"","overlay-type":"","overlay-color":"","overlay-opacity":"","overlay-gradient":""},"tablet":{"background-color":"var(--ast-global-color-5)","background-image":"","background-repeat":"repeat","background-position":"center center","background-size":"auto","background-attachment":"scroll","background-type":"","background-media":"","overlay-type":"","overlay-color":"","overlay-opacity":"","overlay-gradient":""},"mobile":{"background-color":"var(--ast-global-color-5)","background-image":"","background-repeat":"repeat","background-position":"center center","background-size":"auto","background-attachment":"scroll","background-type":"","background-media":"","overlay-type":"","overlay-color":"","overlay-opacity":"","overlay-gradient":""}},"footnotes":""},"class_list":["post-873","page","type-page","status-publish","hentry"],"yoast_head":"<!-- This site is optimized with the Yoast SEO plugin v27.5 - https:\/\/yoast.com\/product\/yoast-seo-wordpress\/ -->\n<title>HONORAIRES ATTALI AVOCATS<\/title>\n<meta name=\"description\" content=\"Sauf en cas d\u2019urgence ou de force majeure ou lorsqu\u2019il intervient au titre de l\u2019aide juridictionnelle totale ou de la troisi\u00e8me partie de la loi n\u00b0 91-647 du 10 juillet 1991 relative \u00e0 l\u2019aide juridique, l\u2019avocat conclut par \u00e9crit avec son client une convention d\u2019honoraires, qui pr\u00e9cise, notamment, le montant ou le mode de d\u00e9termination des honoraires couvrant les diligences pr\u00e9visibles, ainsi que les divers frais et d\u00e9bours envisag\u00e9s.\" \/>\n<meta name=\"robots\" content=\"index, follow, max-snippet:-1, max-image-preview:large, max-video-preview:-1\" \/>\n<link rel=\"canonical\" href=\"https:\/\/attali-avocats.fr\/index.php\/honoraires\/\" \/>\n<meta property=\"og:locale\" content=\"fr_FR\" \/>\n<meta property=\"og:type\" content=\"article\" \/>\n<meta property=\"og:title\" content=\"HONORAIRES ATTALI AVOCATS\" \/>\n<meta property=\"og:description\" content=\"Sauf en cas d\u2019urgence ou de force majeure ou lorsqu\u2019il intervient au titre de l\u2019aide juridictionnelle totale ou de la troisi\u00e8me partie de la loi n\u00b0 91-647 du 10 juillet 1991 relative \u00e0 l\u2019aide juridique, l\u2019avocat conclut par \u00e9crit avec son client une convention d\u2019honoraires, qui pr\u00e9cise, notamment, le montant ou le mode de d\u00e9termination des honoraires couvrant les diligences pr\u00e9visibles, ainsi que les divers frais et d\u00e9bours envisag\u00e9s.\" \/>\n<meta property=\"og:url\" content=\"https:\/\/attali-avocats.fr\/index.php\/honoraires\/\" \/>\n<meta property=\"og:site_name\" content=\"ATTALI AVOCATS\" \/>\n<meta property=\"article:modified_time\" content=\"2022-09-22T13:25:50+00:00\" \/>\n<meta name=\"twitter:card\" content=\"summary_large_image\" \/>\n<meta name=\"twitter:label1\" content=\"Dur\u00e9e de lecture estim\u00e9e\" \/>\n\t<meta name=\"twitter:data1\" content=\"2 minutes\" \/>\n<script type=\"application\/ld+json\" class=\"yoast-schema-graph\">{\"@context\":\"https:\\\/\\\/schema.org\",\"@graph\":[{\"@type\":\"WebPage\",\"@id\":\"https:\\\/\\\/attali-avocats.fr\\\/index.php\\\/honoraires\\\/\",\"url\":\"https:\\\/\\\/attali-avocats.fr\\\/index.php\\\/honoraires\\\/\",\"name\":\"HONORAIRES ATTALI AVOCATS\",\"isPartOf\":{\"@id\":\"https:\\\/\\\/attali-avocats.fr\\\/#website\"},\"datePublished\":\"2022-04-23T10:06:09+00:00\",\"dateModified\":\"2022-09-22T13:25:50+00:00\",\"description\":\"Sauf en cas d\u2019urgence ou de force majeure ou lorsqu\u2019il intervient au titre de l\u2019aide juridictionnelle totale ou de la troisi\u00e8me partie de la loi n\u00b0 91-647 du 10 juillet 1991 relative \u00e0 l\u2019aide juridique, l\u2019avocat conclut par \u00e9crit avec son client une convention d\u2019honoraires, qui pr\u00e9cise, notamment, le montant ou le mode de d\u00e9termination des honoraires couvrant les diligences pr\u00e9visibles, ainsi que les divers frais et d\u00e9bours envisag\u00e9s.\",\"breadcrumb\":{\"@id\":\"https:\\\/\\\/attali-avocats.fr\\\/index.php\\\/honoraires\\\/#breadcrumb\"},\"inLanguage\":\"fr-FR\",\"potentialAction\":[{\"@type\":\"ReadAction\",\"target\":[\"https:\\\/\\\/attali-avocats.fr\\\/index.php\\\/honoraires\\\/\"]}]},{\"@type\":\"BreadcrumbList\",\"@id\":\"https:\\\/\\\/attali-avocats.fr\\\/index.php\\\/honoraires\\\/#breadcrumb\",\"itemListElement\":[{\"@type\":\"ListItem\",\"position\":1,\"name\":\"Accueil\",\"item\":\"https:\\\/\\\/attali-avocats.fr\\\/\"},{\"@type\":\"ListItem\",\"position\":2,\"name\":\"HONORAIRES\"}]},{\"@type\":\"WebSite\",\"@id\":\"https:\\\/\\\/attali-avocats.fr\\\/#website\",\"url\":\"https:\\\/\\\/attali-avocats.fr\\\/\",\"name\":\"ATTALI AVOCATS\",\"description\":\"Cabinet group\u00e9\",\"publisher\":{\"@id\":\"https:\\\/\\\/attali-avocats.fr\\\/#organization\"},\"potentialAction\":[{\"@type\":\"SearchAction\",\"target\":{\"@type\":\"EntryPoint\",\"urlTemplate\":\"https:\\\/\\\/attali-avocats.fr\\\/?s={search_term_string}\"},\"query-input\":{\"@type\":\"PropertyValueSpecification\",\"valueRequired\":true,\"valueName\":\"search_term_string\"}}],\"inLanguage\":\"fr-FR\"},{\"@type\":\"Organization\",\"@id\":\"https:\\\/\\\/attali-avocats.fr\\\/#organization\",\"name\":\"ATTALI AVOCATS\",\"url\":\"https:\\\/\\\/attali-avocats.fr\\\/\",\"logo\":{\"@type\":\"ImageObject\",\"inLanguage\":\"fr-FR\",\"@id\":\"https:\\\/\\\/attali-avocats.fr\\\/#\\\/schema\\\/logo\\\/image\\\/\",\"url\":\"https:\\\/\\\/attali-avocats.fr\\\/wp-content\\\/uploads\\\/2022\\\/04\\\/cropped-cropped-cropped-cropped-Logo-CNB-1.jpg\",\"contentUrl\":\"https:\\\/\\\/attali-avocats.fr\\\/wp-content\\\/uploads\\\/2022\\\/04\\\/cropped-cropped-cropped-cropped-Logo-CNB-1.jpg\",\"width\":149,\"height\":292,\"caption\":\"ATTALI AVOCATS\"},\"image\":{\"@id\":\"https:\\\/\\\/attali-avocats.fr\\\/#\\\/schema\\\/logo\\\/image\\\/\"}}]}<\/script>\n<!-- \/ Yoast SEO plugin. -->","yoast_head_json":{"title":"HONORAIRES ATTALI AVOCATS","description":"Sauf en cas d\u2019urgence ou de force majeure ou lorsqu\u2019il intervient au titre de l\u2019aide juridictionnelle totale ou de la troisi\u00e8me partie de la loi n\u00b0 91-647 du 10 juillet 1991 relative \u00e0 l\u2019aide juridique, l\u2019avocat conclut par \u00e9crit avec son client une convention d\u2019honoraires, qui pr\u00e9cise, notamment, le montant ou le mode de d\u00e9termination des honoraires couvrant les diligences pr\u00e9visibles, ainsi que les divers frais et d\u00e9bours envisag\u00e9s.","robots":{"index":"index","follow":"follow","max-snippet":"max-snippet:-1","max-image-preview":"max-image-preview:large","max-video-preview":"max-video-preview:-1"},"canonical":"https:\/\/attali-avocats.fr\/index.php\/honoraires\/","og_locale":"fr_FR","og_type":"article","og_title":"HONORAIRES ATTALI AVOCATS","og_description":"Sauf en cas d\u2019urgence ou de force majeure ou lorsqu\u2019il intervient au titre de l\u2019aide juridictionnelle totale ou de la troisi\u00e8me partie de la loi n\u00b0 91-647 du 10 juillet 1991 relative \u00e0 l\u2019aide juridique, l\u2019avocat conclut par \u00e9crit avec son client une convention d\u2019honoraires, qui pr\u00e9cise, notamment, le montant ou le mode de d\u00e9termination des honoraires couvrant les diligences pr\u00e9visibles, ainsi que les divers frais et d\u00e9bours envisag\u00e9s.","og_url":"https:\/\/attali-avocats.fr\/index.php\/honoraires\/","og_site_name":"ATTALI AVOCATS","article_modified_time":"2022-09-22T13:25:50+00:00","twitter_card":"summary_large_image","twitter_misc":{"Dur\u00e9e de lecture estim\u00e9e":"2 minutes"},"schema":{"@context":"https:\/\/schema.org","@graph":[{"@type":"WebPage","@id":"https:\/\/attali-avocats.fr\/index.php\/honoraires\/","url":"https:\/\/attali-avocats.fr\/index.php\/honoraires\/","name":"HONORAIRES ATTALI AVOCATS","isPartOf":{"@id":"https:\/\/attali-avocats.fr\/#website"},"datePublished":"2022-04-23T10:06:09+00:00","dateModified":"2022-09-22T13:25:50+00:00","description":"Sauf en cas d\u2019urgence ou de force majeure ou lorsqu\u2019il intervient au titre de l\u2019aide juridictionnelle totale ou de la troisi\u00e8me partie de la loi n\u00b0 91-647 du 10 juillet 1991 relative \u00e0 l\u2019aide juridique, l\u2019avocat conclut par \u00e9crit avec son client une convention d\u2019honoraires, qui pr\u00e9cise, notamment, le montant ou le mode de d\u00e9termination des honoraires couvrant les diligences pr\u00e9visibles, ainsi que les divers frais et d\u00e9bours envisag\u00e9s.","breadcrumb":{"@id":"https:\/\/attali-avocats.fr\/index.php\/honoraires\/#breadcrumb"},"inLanguage":"fr-FR","potentialAction":[{"@type":"ReadAction","target":["https:\/\/attali-avocats.fr\/index.php\/honoraires\/"]}]},{"@type":"BreadcrumbList","@id":"https:\/\/attali-avocats.fr\/index.php\/honoraires\/#breadcrumb","itemListElement":[{"@type":"ListItem","position":1,"name":"Accueil","item":"https:\/\/attali-avocats.fr\/"},{"@type":"ListItem","position":2,"name":"HONORAIRES"}]},{"@type":"WebSite","@id":"https:\/\/attali-avocats.fr\/#website","url":"https:\/\/attali-avocats.fr\/","name":"ATTALI AVOCATS","description":"Cabinet group\u00e9","publisher":{"@id":"https:\/\/attali-avocats.fr\/#organization"},"potentialAction":[{"@type":"SearchAction","target":{"@type":"EntryPoint","urlTemplate":"https:\/\/attali-avocats.fr\/?s={search_term_string}"},"query-input":{"@type":"PropertyValueSpecification","valueRequired":true,"valueName":"search_term_string"}}],"inLanguage":"fr-FR"},{"@type":"Organization","@id":"https:\/\/attali-avocats.fr\/#organization","name":"ATTALI AVOCATS","url":"https:\/\/attali-avocats.fr\/","logo":{"@type":"ImageObject","inLanguage":"fr-FR","@id":"https:\/\/attali-avocats.fr\/#\/schema\/logo\/image\/","url":"https:\/\/attali-avocats.fr\/wp-content\/uploads\/2022\/04\/cropped-cropped-cropped-cropped-Logo-CNB-1.jpg","contentUrl":"https:\/\/attali-avocats.fr\/wp-content\/uploads\/2022\/04\/cropped-cropped-cropped-cropped-Logo-CNB-1.jpg","width":149,"height":292,"caption":"ATTALI AVOCATS"},"image":{"@id":"https:\/\/attali-avocats.fr\/#\/schema\/logo\/image\/"}}]}},"_links":{"self":[{"href":"https:\/\/attali-avocats.fr\/index.php\/wp-json\/wp\/v2\/pages\/873","targetHints":{"allow":["GET"]}}],"collection":[{"href":"https:\/\/attali-avocats.fr\/index.php\/wp-json\/wp\/v2\/pages"}],"about":[{"href":"https:\/\/attali-avocats.fr\/index.php\/wp-json\/wp\/v2\/types\/page"}],"author":[{"embeddable":true,"href":"https:\/\/attali-avocats.fr\/index.php\/wp-json\/wp\/v2\/users\/1"}],"replies":[{"embeddable":true,"href":"https:\/\/attali-avocats.fr\/index.php\/wp-json\/wp\/v2\/comments?post=873"}],"version-history":[{"count":128,"href":"https:\/\/attali-avocats.fr\/index.php\/wp-json\/wp\/v2\/pages\/873\/revisions"}],"predecessor-version":[{"id":6470,"href":"https:\/\/attali-avocats.fr\/index.php\/wp-json\/wp\/v2\/pages\/873\/revisions\/6470"}],"wp:attachment":[{"href":"https:\/\/attali-avocats.fr\/index.php\/wp-json\/wp\/v2\/media?parent=873"}],"curies":[{"name":"wp","href":"https:\/\/api.w.org\/{rel}","templated":true}]}}