{"id":893,"date":"2022-04-23T12:29:44","date_gmt":"2022-04-23T10:29:44","guid":{"rendered":"http:\/\/attali-avocats.fr\/?page_id=893"},"modified":"2022-09-22T15:27:29","modified_gmt":"2022-09-22T13:27:29","slug":"droit-du-dommage-corporel","status":"publish","type":"page","link":"https:\/\/attali-avocats.fr\/index.php\/droit-du-dommage-corporel\/","title":{"rendered":"DROIT DU DOMMAGE CORPOREL"},"content":{"rendered":"\t\t<div data-elementor-type=\"wp-page\" data-elementor-id=\"893\" class=\"elementor elementor-893\">\n\t\t\t\t\t\t<section class=\"elementor-section elementor-top-section elementor-element elementor-element-9697bc9 elementor-section-height-min-height elementor-section-items-stretch elementor-section-content-space-evenly elementor-section-boxed elementor-section-height-default\" data-id=\"9697bc9\" data-element_type=\"section\" data-e-type=\"section\" data-settings=\"{&quot;background_background&quot;:&quot;classic&quot;}\">\n\t\t\t\t\t\t<div class=\"elementor-container elementor-column-gap-default\">\n\t\t\t\t\t<div class=\"elementor-column elementor-col-100 elementor-top-column elementor-element elementor-element-baab094\" data-id=\"baab094\" data-element_type=\"column\" data-e-type=\"column\">\n\t\t\t<div class=\"elementor-widget-wrap elementor-element-populated\">\n\t\t\t\t\t\t<div class=\"elementor-element elementor-element-4d3c267 elementor-widget elementor-widget-heading\" data-id=\"4d3c267\" data-element_type=\"widget\" data-e-type=\"widget\" data-widget_type=\"heading.default\">\n\t\t\t\t<div class=\"elementor-widget-container\">\n\t\t\t\t\t<h2 class=\"elementor-heading-title elementor-size-xl\">DROIT DU DOMMAGE CORPOREL<\/h2>\t\t\t\t<\/div>\n\t\t\t\t<\/div>\n\t\t\t\t\t<\/div>\n\t\t<\/div>\n\t\t\t\t\t<\/div>\n\t\t<\/section>\n\t\t\t\t<section class=\"elementor-section elementor-top-section elementor-element elementor-element-6923e36 elementor-section-height-min-height elementor-section-items-stretch elementor-section-content-space-evenly elementor-section-boxed elementor-section-height-default\" data-id=\"6923e36\" data-element_type=\"section\" data-e-type=\"section\" data-settings=\"{&quot;background_background&quot;:&quot;classic&quot;}\">\n\t\t\t\t\t\t<div class=\"elementor-container elementor-column-gap-default\">\n\t\t\t\t\t<div class=\"elementor-column elementor-col-100 elementor-top-column elementor-element elementor-element-01b5ab6\" data-id=\"01b5ab6\" data-element_type=\"column\" data-e-type=\"column\" data-settings=\"{&quot;background_background&quot;:&quot;classic&quot;}\">\n\t\t\t<div class=\"elementor-widget-wrap elementor-element-populated\">\n\t\t\t\t\t\t<div class=\"elementor-element elementor-element-4c89d77 elementor-widget elementor-widget-text-editor\" data-id=\"4c89d77\" data-element_type=\"widget\" data-e-type=\"widget\" data-widget_type=\"text-editor.default\">\n\t\t\t\t<div class=\"elementor-widget-container\">\n\t\t\t\t\t\t\t\t\t<p class=\"s9\">Le cabinet de David Attali d\u00e9tient une expertise particuli\u00e8re en mati\u00e8re de droit m\u00e9dical et lors de la d\u00e9fense des victimes de dommages corporels.<\/p><p class=\"s9\"><span class=\"s10\">Le cabinet accompagne et assure la d\u00e9fense des victimes d\u2019<\/span><span class=\"s7\">erreur m\u00e9dicale<\/span><span class=\"s10\">, d\u2019<\/span><span class=\"s7\">infection nosocomiale<\/span><span class=\"s10\"> et d\u2019<\/span><span class=\"s7\">al\u00e9a th\u00e9rapeutique<\/span><span class=\"s10\">.<\/span><\/p><p class=\"s9\"><span class=\"s10\">L\u2019<\/span><span class=\"s7\">assistance des victimes<\/span><span class=\"s10\"> au stade de l\u2019expertise est indispensable pour la d\u00e9termination d\u2019une faute m\u00e9dicale, d\u2019une <\/span><span class=\"s7\">infection nosocomiale<\/span><span class=\"s10\"> ou d\u2019un <\/span><span class=\"s7\">al\u00e9a th\u00e9rapeutique<\/span><span class=\"s10\"> afin d\u2019obtenir l\u2019indemnisation int\u00e9grale de l\u2019ensemble des pr\u00e9judices de la victime et de ses proches.<\/span><\/p><p class=\"s9\"><span class=\"s10\">Le cabinet est \u00e9galement en mesure de mettre la victime en relation, en tant que de besoin, avec des m\u00e9decins-conseils, <\/span><span class=\"s10\">ergoth\u00e9rapeutes\u2026<\/span><span class=\"s10\">afin de d\u00e9fendre au mieux les int\u00e9r\u00eats de la victime.<\/span><\/p><p class=\"s42\"><span class=\"s10\">Le cabinet<\/span><span class=\"s10\"> intervient au soutien des victimes de dommages corporels en lien<\/span><span class=\"s10\">, <\/span><span class=\"s10\">en particulier<\/span><span class=\"s10\">, <\/span><span class=\"s10\">avec<\/span><span class=\"s10\">\u00a0:<\/span><\/p><ul><li class=\"s42\"><span class=\"s10\">les erreurs m\u00e9dicales,<br \/><\/span><\/li><li>les accidents de la circulation,<\/li><li>les accidents m\u00e9dicaux fautifs et\/ou non-fautifs (al\u00e9a th\u00e9rapeutique),<\/li><li>les infections nosocomiales,<\/li><li>les accidents du travail,<\/li><li>les accidents de la vie (chute de cheval, accident de ski, accident scolaire, accident nautique&#8230;),<\/li><li>les infractions p\u00e9nales.<\/li><\/ul><p class=\"s44\"><span class=\"s43\">La victime s\u2019attachera \u00e0 d\u00e9signer son propre avocat de victimes de dommages corporels qui l\u2019accompagnera et la soutiendra d\u00e8s les premiers instants.<\/span><\/p><p class=\"s44\"><span class=\"s43\">L\u2019avocat de victimes de dommages corporels vient contrebalancer les rapports de force dans la gestion de l\u2019indemnisation de la victime de la route, notamment dans ses rapports avec les compagnies d\u2019assurance.<\/span><\/p><p class=\"s44\"><span class=\"s43\">Le cabinet vous accompagnera pour vous faire indemniser en cas d\u2019erreur m\u00e9dicale, fautive ou non, survenue dans un h\u00f4pital, une clinique, ou chez un professionnel de sant\u00e9.<\/span><\/p><p class=\"s42\"><span class=\"s10\">Le cabinet vous accompagne \u00e9galement pour obtenir l\u2019indemnisation de vos pr\u00e9judices devant les Commissions de Conciliation et d&rsquo;Indemnisation des Accidents M\u00e9dicaux (CCI) en cas d\u2019al\u00e9a th\u00e9rapeutique indemnisable par l\u2019Office National d\u2019Indemnisation des Accidents M\u00e9dicaux, des Affections Iatrog\u00e8nes et des Infections Nosocomiales (ONIAM).<\/span><\/p><p class=\"s42\"><span class=\"s10\">Le cabinet vous pr\u00e9parera et vous assistera dans cette \u00e9tape cl\u00e9 de l\u2019indemnisation : l\u2019expertise m\u00e9dicale (judiciaire ou amiable), <\/span><span class=\"s10\">en vous aidant<\/span><span class=\"s10\"> au pr\u00e9alable \u00e0 constituer votre dossier m\u00e9dical.<\/span><\/p><p class=\"s42\"><span class=\"s10\">\u00a0<\/span><\/p>\t\t\t\t\t\t\t\t<\/div>\n\t\t\t\t<\/div>\n\t\t\t\t\t<\/div>\n\t\t<\/div>\n\t\t\t\t\t<\/div>\n\t\t<\/section>\n\t\t\t\t<\/div>\n\t\t","protected":false},"excerpt":{"rendered":"<p>DROIT DU DOMMAGE CORPOREL Le cabinet de David Attali d\u00e9tient une expertise particuli\u00e8re en mati\u00e8re de droit m\u00e9dical et lors de la d\u00e9fense des victimes de dommages corporels. Le cabinet accompagne et assure la d\u00e9fense des victimes d\u2019erreur m\u00e9dicale, d\u2019infection nosocomiale et d\u2019al\u00e9a th\u00e9rapeutique. L\u2019assistance des victimes au stade de l\u2019expertise est indispensable pour la [&hellip;]<\/p>\n","protected":false},"author":1,"featured_media":0,"parent":0,"menu_order":0,"comment_status":"closed","ping_status":"closed","template":"","meta":{"om_disable_all_campaigns":false,"_monsterinsights_skip_tracking":false,"_monsterinsights_sitenote_active":false,"_monsterinsights_sitenote_note":"","_monsterinsights_sitenote_category":0,"site-sidebar-layout":"no-sidebar","site-content-layout":"page-builder","ast-site-content-layout":"","site-content-style":"default","site-sidebar-style":"default","ast-global-header-display":"","ast-banner-title-visibility":"","ast-main-header-display":"","ast-hfb-above-header-display":"","ast-hfb-below-header-display":"","ast-hfb-mobile-header-display":"","site-post-title":"disabled","ast-breadcrumbs-content":"","ast-featured-img":"disabled","footer-sml-layout":"","theme-transparent-header-meta":"","adv-header-id-meta":"","stick-header-meta":"","header-above-stick-meta":"","header-main-stick-meta":"","header-below-stick-meta":"","astra-migrate-meta-layouts":"default","ast-page-background-enabled":"default","ast-page-background-meta":{"desktop":{"background-color":"","background-image":"","background-repeat":"repeat","background-position":"center center","background-size":"auto","background-attachment":"scroll","background-type":"","background-media":"","overlay-type":"","overlay-color":"","overlay-opacity":"","overlay-gradient":""},"tablet":{"background-color":"","background-image":"","background-repeat":"repeat","background-position":"center center","background-size":"auto","background-attachment":"scroll","background-type":"","background-media":"","overlay-type":"","overlay-color":"","overlay-opacity":"","overlay-gradient":""},"mobile":{"background-color":"","background-image":"","background-repeat":"repeat","background-position":"center center","background-size":"auto","background-attachment":"scroll","background-type":"","background-media":"","overlay-type":"","overlay-color":"","overlay-opacity":"","overlay-gradient":""}},"ast-content-background-meta":{"desktop":{"background-color":"var(--ast-global-color-5)","background-image":"","background-repeat":"repeat","background-position":"center center","background-size":"auto","background-attachment":"scroll","background-type":"","background-media":"","overlay-type":"","overlay-color":"","overlay-opacity":"","overlay-gradient":""},"tablet":{"background-color":"var(--ast-global-color-5)","background-image":"","background-repeat":"repeat","background-position":"center center","background-size":"auto","background-attachment":"scroll","background-type":"","background-media":"","overlay-type":"","overlay-color":"","overlay-opacity":"","overlay-gradient":""},"mobile":{"background-color":"var(--ast-global-color-5)","background-image":"","background-repeat":"repeat","background-position":"center center","background-size":"auto","background-attachment":"scroll","background-type":"","background-media":"","overlay-type":"","overlay-color":"","overlay-opacity":"","overlay-gradient":""}},"footnotes":""},"class_list":["post-893","page","type-page","status-publish","hentry"],"yoast_head":"<!-- This site is optimized with the Yoast SEO plugin v27.4 - https:\/\/yoast.com\/product\/yoast-seo-wordpress\/ -->\n<title>DROIT DU DOMMAGE CORPOREL ATTALI AVOCATS<\/title>\n<meta name=\"description\" content=\"Le cabinet de David Attali d\u00e9tient une expertise particuli\u00e8re en mati\u00e8re de droit m\u00e9dical et lors de la d\u00e9fense des victimes de dommages corporels.Le cabinet accompagne et assure la d\u00e9fense des victimes d\u2019erreur m\u00e9dicale, d\u2019infection nosocomiale et d\u2019al\u00e9a th\u00e9rapeutique.\" \/>\n<meta name=\"robots\" content=\"index, follow, max-snippet:-1, max-image-preview:large, max-video-preview:-1\" \/>\n<link rel=\"canonical\" href=\"https:\/\/attali-avocats.fr\/index.php\/droit-du-dommage-corporel\/\" \/>\n<meta property=\"og:locale\" content=\"fr_FR\" \/>\n<meta property=\"og:type\" content=\"article\" \/>\n<meta property=\"og:title\" content=\"DROIT DU DOMMAGE CORPOREL ATTALI AVOCATS\" \/>\n<meta property=\"og:description\" content=\"Le cabinet de David Attali d\u00e9tient une expertise particuli\u00e8re en mati\u00e8re de droit m\u00e9dical et lors de la d\u00e9fense des victimes de dommages corporels.Le cabinet accompagne et assure la d\u00e9fense des victimes d\u2019erreur m\u00e9dicale, d\u2019infection nosocomiale et d\u2019al\u00e9a th\u00e9rapeutique.\" \/>\n<meta property=\"og:url\" content=\"https:\/\/attali-avocats.fr\/index.php\/droit-du-dommage-corporel\/\" \/>\n<meta property=\"og:site_name\" content=\"ATTALI AVOCATS\" \/>\n<meta property=\"article:modified_time\" content=\"2022-09-22T13:27:29+00:00\" \/>\n<meta name=\"twitter:card\" content=\"summary_large_image\" \/>\n<meta name=\"twitter:label1\" content=\"Dur\u00e9e de lecture estim\u00e9e\" \/>\n\t<meta name=\"twitter:data1\" content=\"2 minutes\" \/>\n<script type=\"application\/ld+json\" class=\"yoast-schema-graph\">{\"@context\":\"https:\\\/\\\/schema.org\",\"@graph\":[{\"@type\":\"WebPage\",\"@id\":\"https:\\\/\\\/attali-avocats.fr\\\/index.php\\\/droit-du-dommage-corporel\\\/\",\"url\":\"https:\\\/\\\/attali-avocats.fr\\\/index.php\\\/droit-du-dommage-corporel\\\/\",\"name\":\"DROIT DU DOMMAGE CORPOREL ATTALI AVOCATS\",\"isPartOf\":{\"@id\":\"https:\\\/\\\/attali-avocats.fr\\\/#website\"},\"datePublished\":\"2022-04-23T10:29:44+00:00\",\"dateModified\":\"2022-09-22T13:27:29+00:00\",\"description\":\"Le cabinet de David Attali d\u00e9tient une expertise particuli\u00e8re en mati\u00e8re de droit m\u00e9dical et lors de la d\u00e9fense des victimes de dommages corporels.Le cabinet accompagne et assure la d\u00e9fense des victimes d\u2019erreur m\u00e9dicale, d\u2019infection nosocomiale et d\u2019al\u00e9a th\u00e9rapeutique.\",\"breadcrumb\":{\"@id\":\"https:\\\/\\\/attali-avocats.fr\\\/index.php\\\/droit-du-dommage-corporel\\\/#breadcrumb\"},\"inLanguage\":\"fr-FR\",\"potentialAction\":[{\"@type\":\"ReadAction\",\"target\":[\"https:\\\/\\\/attali-avocats.fr\\\/index.php\\\/droit-du-dommage-corporel\\\/\"]}]},{\"@type\":\"BreadcrumbList\",\"@id\":\"https:\\\/\\\/attali-avocats.fr\\\/index.php\\\/droit-du-dommage-corporel\\\/#breadcrumb\",\"itemListElement\":[{\"@type\":\"ListItem\",\"position\":1,\"name\":\"Accueil\",\"item\":\"https:\\\/\\\/attali-avocats.fr\\\/\"},{\"@type\":\"ListItem\",\"position\":2,\"name\":\"DROIT DU DOMMAGE CORPOREL\"}]},{\"@type\":\"WebSite\",\"@id\":\"https:\\\/\\\/attali-avocats.fr\\\/#website\",\"url\":\"https:\\\/\\\/attali-avocats.fr\\\/\",\"name\":\"ATTALI AVOCATS\",\"description\":\"Cabinet group\u00e9\",\"publisher\":{\"@id\":\"https:\\\/\\\/attali-avocats.fr\\\/#organization\"},\"potentialAction\":[{\"@type\":\"SearchAction\",\"target\":{\"@type\":\"EntryPoint\",\"urlTemplate\":\"https:\\\/\\\/attali-avocats.fr\\\/?s={search_term_string}\"},\"query-input\":{\"@type\":\"PropertyValueSpecification\",\"valueRequired\":true,\"valueName\":\"search_term_string\"}}],\"inLanguage\":\"fr-FR\"},{\"@type\":\"Organization\",\"@id\":\"https:\\\/\\\/attali-avocats.fr\\\/#organization\",\"name\":\"ATTALI AVOCATS\",\"url\":\"https:\\\/\\\/attali-avocats.fr\\\/\",\"logo\":{\"@type\":\"ImageObject\",\"inLanguage\":\"fr-FR\",\"@id\":\"https:\\\/\\\/attali-avocats.fr\\\/#\\\/schema\\\/logo\\\/image\\\/\",\"url\":\"https:\\\/\\\/attali-avocats.fr\\\/wp-content\\\/uploads\\\/2022\\\/04\\\/cropped-cropped-cropped-cropped-Logo-CNB-1.jpg\",\"contentUrl\":\"https:\\\/\\\/attali-avocats.fr\\\/wp-content\\\/uploads\\\/2022\\\/04\\\/cropped-cropped-cropped-cropped-Logo-CNB-1.jpg\",\"width\":149,\"height\":292,\"caption\":\"ATTALI AVOCATS\"},\"image\":{\"@id\":\"https:\\\/\\\/attali-avocats.fr\\\/#\\\/schema\\\/logo\\\/image\\\/\"}}]}<\/script>\n<!-- \/ Yoast SEO plugin. -->","yoast_head_json":{"title":"DROIT DU DOMMAGE CORPOREL ATTALI AVOCATS","description":"Le cabinet de David Attali d\u00e9tient une expertise particuli\u00e8re en mati\u00e8re de droit m\u00e9dical et lors de la d\u00e9fense des victimes de dommages corporels.Le cabinet accompagne et assure la d\u00e9fense des victimes d\u2019erreur m\u00e9dicale, d\u2019infection nosocomiale et d\u2019al\u00e9a th\u00e9rapeutique.","robots":{"index":"index","follow":"follow","max-snippet":"max-snippet:-1","max-image-preview":"max-image-preview:large","max-video-preview":"max-video-preview:-1"},"canonical":"https:\/\/attali-avocats.fr\/index.php\/droit-du-dommage-corporel\/","og_locale":"fr_FR","og_type":"article","og_title":"DROIT DU DOMMAGE CORPOREL ATTALI AVOCATS","og_description":"Le cabinet de David Attali d\u00e9tient une expertise particuli\u00e8re en mati\u00e8re de droit m\u00e9dical et lors de la d\u00e9fense des victimes de dommages corporels.Le cabinet accompagne et assure la d\u00e9fense des victimes d\u2019erreur m\u00e9dicale, d\u2019infection nosocomiale et d\u2019al\u00e9a th\u00e9rapeutique.","og_url":"https:\/\/attali-avocats.fr\/index.php\/droit-du-dommage-corporel\/","og_site_name":"ATTALI AVOCATS","article_modified_time":"2022-09-22T13:27:29+00:00","twitter_card":"summary_large_image","twitter_misc":{"Dur\u00e9e de lecture estim\u00e9e":"2 minutes"},"schema":{"@context":"https:\/\/schema.org","@graph":[{"@type":"WebPage","@id":"https:\/\/attali-avocats.fr\/index.php\/droit-du-dommage-corporel\/","url":"https:\/\/attali-avocats.fr\/index.php\/droit-du-dommage-corporel\/","name":"DROIT DU DOMMAGE CORPOREL ATTALI AVOCATS","isPartOf":{"@id":"https:\/\/attali-avocats.fr\/#website"},"datePublished":"2022-04-23T10:29:44+00:00","dateModified":"2022-09-22T13:27:29+00:00","description":"Le cabinet de David Attali d\u00e9tient une expertise particuli\u00e8re en mati\u00e8re de droit m\u00e9dical et lors de la d\u00e9fense des victimes de dommages corporels.Le cabinet accompagne et assure la d\u00e9fense des victimes d\u2019erreur m\u00e9dicale, d\u2019infection nosocomiale et d\u2019al\u00e9a th\u00e9rapeutique.","breadcrumb":{"@id":"https:\/\/attali-avocats.fr\/index.php\/droit-du-dommage-corporel\/#breadcrumb"},"inLanguage":"fr-FR","potentialAction":[{"@type":"ReadAction","target":["https:\/\/attali-avocats.fr\/index.php\/droit-du-dommage-corporel\/"]}]},{"@type":"BreadcrumbList","@id":"https:\/\/attali-avocats.fr\/index.php\/droit-du-dommage-corporel\/#breadcrumb","itemListElement":[{"@type":"ListItem","position":1,"name":"Accueil","item":"https:\/\/attali-avocats.fr\/"},{"@type":"ListItem","position":2,"name":"DROIT DU DOMMAGE CORPOREL"}]},{"@type":"WebSite","@id":"https:\/\/attali-avocats.fr\/#website","url":"https:\/\/attali-avocats.fr\/","name":"ATTALI AVOCATS","description":"Cabinet group\u00e9","publisher":{"@id":"https:\/\/attali-avocats.fr\/#organization"},"potentialAction":[{"@type":"SearchAction","target":{"@type":"EntryPoint","urlTemplate":"https:\/\/attali-avocats.fr\/?s={search_term_string}"},"query-input":{"@type":"PropertyValueSpecification","valueRequired":true,"valueName":"search_term_string"}}],"inLanguage":"fr-FR"},{"@type":"Organization","@id":"https:\/\/attali-avocats.fr\/#organization","name":"ATTALI AVOCATS","url":"https:\/\/attali-avocats.fr\/","logo":{"@type":"ImageObject","inLanguage":"fr-FR","@id":"https:\/\/attali-avocats.fr\/#\/schema\/logo\/image\/","url":"https:\/\/attali-avocats.fr\/wp-content\/uploads\/2022\/04\/cropped-cropped-cropped-cropped-Logo-CNB-1.jpg","contentUrl":"https:\/\/attali-avocats.fr\/wp-content\/uploads\/2022\/04\/cropped-cropped-cropped-cropped-Logo-CNB-1.jpg","width":149,"height":292,"caption":"ATTALI AVOCATS"},"image":{"@id":"https:\/\/attali-avocats.fr\/#\/schema\/logo\/image\/"}}]}},"_links":{"self":[{"href":"https:\/\/attali-avocats.fr\/index.php\/wp-json\/wp\/v2\/pages\/893","targetHints":{"allow":["GET"]}}],"collection":[{"href":"https:\/\/attali-avocats.fr\/index.php\/wp-json\/wp\/v2\/pages"}],"about":[{"href":"https:\/\/attali-avocats.fr\/index.php\/wp-json\/wp\/v2\/types\/page"}],"author":[{"embeddable":true,"href":"https:\/\/attali-avocats.fr\/index.php\/wp-json\/wp\/v2\/users\/1"}],"replies":[{"embeddable":true,"href":"https:\/\/attali-avocats.fr\/index.php\/wp-json\/wp\/v2\/comments?post=893"}],"version-history":[{"count":137,"href":"https:\/\/attali-avocats.fr\/index.php\/wp-json\/wp\/v2\/pages\/893\/revisions"}],"predecessor-version":[{"id":6467,"href":"https:\/\/attali-avocats.fr\/index.php\/wp-json\/wp\/v2\/pages\/893\/revisions\/6467"}],"wp:attachment":[{"href":"https:\/\/attali-avocats.fr\/index.php\/wp-json\/wp\/v2\/media?parent=893"}],"curies":[{"name":"wp","href":"https:\/\/api.w.org\/{rel}","templated":true}]}}