{"id":896,"date":"2022-04-23T12:30:50","date_gmt":"2022-04-23T10:30:50","guid":{"rendered":"http:\/\/attali-avocats.fr\/?page_id=896"},"modified":"2022-09-22T15:26:18","modified_gmt":"2022-09-22T13:26:18","slug":"droit-de-la-sante","status":"publish","type":"page","link":"https:\/\/attali-avocats.fr\/index.php\/droit-de-la-sante\/","title":{"rendered":"DROIT M\u00c9DICAL ET DE LA SANT\u00c9"},"content":{"rendered":"\t\t<div data-elementor-type=\"wp-page\" data-elementor-id=\"896\" class=\"elementor elementor-896\">\n\t\t\t\t\t\t<section class=\"elementor-section elementor-top-section elementor-element elementor-element-cec3966 elementor-section-height-min-height elementor-section-items-stretch elementor-section-content-space-evenly elementor-section-boxed elementor-section-height-default\" data-id=\"cec3966\" data-element_type=\"section\" data-e-type=\"section\" data-settings=\"{&quot;background_background&quot;:&quot;classic&quot;}\">\n\t\t\t\t\t\t\t<div class=\"elementor-background-overlay\"><\/div>\n\t\t\t\t\t\t\t<div class=\"elementor-container elementor-column-gap-default\">\n\t\t\t\t\t<div class=\"elementor-column elementor-col-100 elementor-top-column elementor-element elementor-element-a48ff2f\" data-id=\"a48ff2f\" data-element_type=\"column\" data-e-type=\"column\">\n\t\t\t<div class=\"elementor-widget-wrap elementor-element-populated\">\n\t\t\t\t\t\t<div class=\"elementor-element elementor-element-bcf3e69 elementor-widget elementor-widget-heading\" data-id=\"bcf3e69\" data-element_type=\"widget\" data-e-type=\"widget\" data-widget_type=\"heading.default\">\n\t\t\t\t<div class=\"elementor-widget-container\">\n\t\t\t\t\t<h2 class=\"elementor-heading-title elementor-size-xl\">DROIT M\u00c9DICAL ET DE LA SANT\u00c9<\/h2>\t\t\t\t<\/div>\n\t\t\t\t<\/div>\n\t\t\t\t\t<\/div>\n\t\t<\/div>\n\t\t\t\t\t<\/div>\n\t\t<\/section>\n\t\t\t\t<section class=\"elementor-section elementor-top-section elementor-element elementor-element-40db6aa elementor-section-height-min-height elementor-section-items-stretch elementor-section-content-space-evenly elementor-section-boxed elementor-section-height-default\" data-id=\"40db6aa\" data-element_type=\"section\" data-e-type=\"section\" data-settings=\"{&quot;background_background&quot;:&quot;classic&quot;}\">\n\t\t\t\t\t\t<div class=\"elementor-container elementor-column-gap-default\">\n\t\t\t\t\t<div class=\"elementor-column elementor-col-100 elementor-top-column elementor-element elementor-element-af55ee2\" data-id=\"af55ee2\" data-element_type=\"column\" data-e-type=\"column\" data-settings=\"{&quot;background_background&quot;:&quot;classic&quot;}\">\n\t\t\t<div class=\"elementor-widget-wrap elementor-element-populated\">\n\t\t\t\t\t\t<div class=\"elementor-element elementor-element-8c5a667 elementor-widget elementor-widget-text-editor\" data-id=\"8c5a667\" data-element_type=\"widget\" data-e-type=\"widget\" data-widget_type=\"text-editor.default\">\n\t\t\t\t<div class=\"elementor-widget-container\">\n\t\t\t\t\t\t\t\t\t<p class=\"s9\"><span class=\"s10\">Le cabinet de David Attali conseille et repr\u00e9sente les professions m\u00e9dicales pour la cr\u00e9ation et le d\u00e9veloppement de leur structure d\u2019exercice\u00a0: contrat d\u2019association, r\u00e9daction de statuts de soci\u00e9t\u00e9 civile de moyens (SCM) ou de soci\u00e9t\u00e9 d\u2019exercice lib\u00e9ral (SEL), contrat de collaboration et de remplacement, \u2026<\/span><\/p><p class=\"s9\"><span class=\"s10\">Que vous soyez m\u00e9decin, pharmacien, infirmi\u00e8re, kin\u00e9sith\u00e9rapeute ou tout autre professionnel lib\u00e9ral dans le domaine de la sant\u00e9, le cabinet est l\u00e0 pour vous aider dans la gestion juridique et administrative de votre cabinet.<\/span><\/p><p class=\"s9\"><span class=\"s10\">Le cabinet d\u00e9fend \u00e9galement les professionnels de sant\u00e9 devant les Conseils de l\u2019Ordre lorsque leur responsabilit\u00e9 disciplinaire est mise en cause\u00a0: litige avec la Caisse Primaire d\u2019Assurance Maladie (CPAM)<\/span><span class=\"s10\">, <\/span><span class=\"s10\">devant la Section des Assurances Sociales ou devant le Conseil National de l\u2019Ordre, \u2026<\/span><span class=\"s10\">\u00a0<\/span><\/p>\t\t\t\t\t\t\t\t<\/div>\n\t\t\t\t<\/div>\n\t\t\t\t\t<\/div>\n\t\t<\/div>\n\t\t\t\t\t<\/div>\n\t\t<\/section>\n\t\t\t\t<\/div>\n\t\t","protected":false},"excerpt":{"rendered":"<p>DROIT M\u00c9DICAL ET DE LA SANT\u00c9 Le cabinet de David Attali conseille et repr\u00e9sente les professions m\u00e9dicales pour la cr\u00e9ation et le d\u00e9veloppement de leur structure d\u2019exercice&nbsp;: contrat d\u2019association, r\u00e9daction de statuts de soci\u00e9t\u00e9 civile de moyens (SCM) ou de soci\u00e9t\u00e9 d\u2019exercice lib\u00e9ral (SEL), contrat de collaboration et de remplacement, \u2026 Que vous soyez m\u00e9decin, [&hellip;]<\/p>\n","protected":false},"author":1,"featured_media":0,"parent":0,"menu_order":0,"comment_status":"closed","ping_status":"closed","template":"","meta":{"om_disable_all_campaigns":false,"_monsterinsights_skip_tracking":false,"_monsterinsights_sitenote_active":false,"_monsterinsights_sitenote_note":"","_monsterinsights_sitenote_category":0,"site-sidebar-layout":"no-sidebar","site-content-layout":"page-builder","ast-site-content-layout":"","site-content-style":"default","site-sidebar-style":"default","ast-global-header-display":"","ast-banner-title-visibility":"","ast-main-header-display":"","ast-hfb-above-header-display":"","ast-hfb-below-header-display":"","ast-hfb-mobile-header-display":"","site-post-title":"disabled","ast-breadcrumbs-content":"","ast-featured-img":"disabled","footer-sml-layout":"","theme-transparent-header-meta":"","adv-header-id-meta":"","stick-header-meta":"","header-above-stick-meta":"","header-main-stick-meta":"","header-below-stick-meta":"","astra-migrate-meta-layouts":"default","ast-page-background-enabled":"default","ast-page-background-meta":{"desktop":{"background-color":"","background-image":"","background-repeat":"repeat","background-position":"center center","background-size":"auto","background-attachment":"scroll","background-type":"","background-media":"","overlay-type":"","overlay-color":"","overlay-opacity":"","overlay-gradient":""},"tablet":{"background-color":"","background-image":"","background-repeat":"repeat","background-position":"center center","background-size":"auto","background-attachment":"scroll","background-type":"","background-media":"","overlay-type":"","overlay-color":"","overlay-opacity":"","overlay-gradient":""},"mobile":{"background-color":"","background-image":"","background-repeat":"repeat","background-position":"center center","background-size":"auto","background-attachment":"scroll","background-type":"","background-media":"","overlay-type":"","overlay-color":"","overlay-opacity":"","overlay-gradient":""}},"ast-content-background-meta":{"desktop":{"background-color":"var(--ast-global-color-5)","background-image":"","background-repeat":"repeat","background-position":"center center","background-size":"auto","background-attachment":"scroll","background-type":"","background-media":"","overlay-type":"","overlay-color":"","overlay-opacity":"","overlay-gradient":""},"tablet":{"background-color":"var(--ast-global-color-5)","background-image":"","background-repeat":"repeat","background-position":"center center","background-size":"auto","background-attachment":"scroll","background-type":"","background-media":"","overlay-type":"","overlay-color":"","overlay-opacity":"","overlay-gradient":""},"mobile":{"background-color":"var(--ast-global-color-5)","background-image":"","background-repeat":"repeat","background-position":"center center","background-size":"auto","background-attachment":"scroll","background-type":"","background-media":"","overlay-type":"","overlay-color":"","overlay-opacity":"","overlay-gradient":""}},"footnotes":""},"class_list":["post-896","page","type-page","status-publish","hentry"],"yoast_head":"<!-- This site is optimized with the Yoast SEO plugin v27.4 - https:\/\/yoast.com\/product\/yoast-seo-wordpress\/ -->\n<title>DROIT M\u00c9DICAL ET DE LA SANT\u00c9 ATTALI AVOCATS<\/title>\n<meta name=\"description\" content=\"Le cabinet de David Attali conseille et repr\u00e9sente les professions m\u00e9dicales pour la cr\u00e9ation et le d\u00e9veloppement de leur structure d\u2019exercice : contrat d\u2019association, r\u00e9daction de statuts de soci\u00e9t\u00e9 civile de moyens (SCM) ou de soci\u00e9t\u00e9 d\u2019exercice lib\u00e9ral (SEL), contrat de collaboration et de remplacement, \u2026\" \/>\n<meta name=\"robots\" content=\"index, follow, max-snippet:-1, max-image-preview:large, max-video-preview:-1\" \/>\n<link rel=\"canonical\" href=\"https:\/\/attali-avocats.fr\/index.php\/droit-de-la-sante\/\" \/>\n<meta property=\"og:locale\" content=\"fr_FR\" \/>\n<meta property=\"og:type\" content=\"article\" \/>\n<meta property=\"og:title\" content=\"DROIT M\u00c9DICAL ET DE LA SANT\u00c9 ATTALI AVOCATS\" \/>\n<meta property=\"og:description\" content=\"Le cabinet de David Attali conseille et repr\u00e9sente les professions m\u00e9dicales pour la cr\u00e9ation et le d\u00e9veloppement de leur structure d\u2019exercice : contrat d\u2019association, r\u00e9daction de statuts de soci\u00e9t\u00e9 civile de moyens (SCM) ou de soci\u00e9t\u00e9 d\u2019exercice lib\u00e9ral (SEL), contrat de collaboration et de remplacement, \u2026\" \/>\n<meta property=\"og:url\" content=\"https:\/\/attali-avocats.fr\/index.php\/droit-de-la-sante\/\" \/>\n<meta property=\"og:site_name\" content=\"ATTALI AVOCATS\" \/>\n<meta property=\"article:modified_time\" content=\"2022-09-22T13:26:18+00:00\" \/>\n<meta name=\"twitter:card\" content=\"summary_large_image\" \/>\n<meta name=\"twitter:label1\" content=\"Dur\u00e9e de lecture estim\u00e9e\" \/>\n\t<meta name=\"twitter:data1\" content=\"1 minute\" \/>\n<script type=\"application\/ld+json\" class=\"yoast-schema-graph\">{\"@context\":\"https:\\\/\\\/schema.org\",\"@graph\":[{\"@type\":\"WebPage\",\"@id\":\"https:\\\/\\\/attali-avocats.fr\\\/index.php\\\/droit-de-la-sante\\\/\",\"url\":\"https:\\\/\\\/attali-avocats.fr\\\/index.php\\\/droit-de-la-sante\\\/\",\"name\":\"DROIT M\u00c9DICAL ET DE LA SANT\u00c9 ATTALI AVOCATS\",\"isPartOf\":{\"@id\":\"https:\\\/\\\/attali-avocats.fr\\\/#website\"},\"datePublished\":\"2022-04-23T10:30:50+00:00\",\"dateModified\":\"2022-09-22T13:26:18+00:00\",\"description\":\"Le cabinet de David Attali conseille et repr\u00e9sente les professions m\u00e9dicales pour la cr\u00e9ation et le d\u00e9veloppement de leur structure d\u2019exercice : contrat d\u2019association, r\u00e9daction de statuts de soci\u00e9t\u00e9 civile de moyens (SCM) ou de soci\u00e9t\u00e9 d\u2019exercice lib\u00e9ral (SEL), contrat de collaboration et de remplacement, \u2026\",\"breadcrumb\":{\"@id\":\"https:\\\/\\\/attali-avocats.fr\\\/index.php\\\/droit-de-la-sante\\\/#breadcrumb\"},\"inLanguage\":\"fr-FR\",\"potentialAction\":[{\"@type\":\"ReadAction\",\"target\":[\"https:\\\/\\\/attali-avocats.fr\\\/index.php\\\/droit-de-la-sante\\\/\"]}]},{\"@type\":\"BreadcrumbList\",\"@id\":\"https:\\\/\\\/attali-avocats.fr\\\/index.php\\\/droit-de-la-sante\\\/#breadcrumb\",\"itemListElement\":[{\"@type\":\"ListItem\",\"position\":1,\"name\":\"Accueil\",\"item\":\"https:\\\/\\\/attali-avocats.fr\\\/\"},{\"@type\":\"ListItem\",\"position\":2,\"name\":\"DROIT M\u00c9DICAL ET DE LA SANT\u00c9\"}]},{\"@type\":\"WebSite\",\"@id\":\"https:\\\/\\\/attali-avocats.fr\\\/#website\",\"url\":\"https:\\\/\\\/attali-avocats.fr\\\/\",\"name\":\"ATTALI AVOCATS\",\"description\":\"Cabinet group\u00e9\",\"publisher\":{\"@id\":\"https:\\\/\\\/attali-avocats.fr\\\/#organization\"},\"potentialAction\":[{\"@type\":\"SearchAction\",\"target\":{\"@type\":\"EntryPoint\",\"urlTemplate\":\"https:\\\/\\\/attali-avocats.fr\\\/?s={search_term_string}\"},\"query-input\":{\"@type\":\"PropertyValueSpecification\",\"valueRequired\":true,\"valueName\":\"search_term_string\"}}],\"inLanguage\":\"fr-FR\"},{\"@type\":\"Organization\",\"@id\":\"https:\\\/\\\/attali-avocats.fr\\\/#organization\",\"name\":\"ATTALI AVOCATS\",\"url\":\"https:\\\/\\\/attali-avocats.fr\\\/\",\"logo\":{\"@type\":\"ImageObject\",\"inLanguage\":\"fr-FR\",\"@id\":\"https:\\\/\\\/attali-avocats.fr\\\/#\\\/schema\\\/logo\\\/image\\\/\",\"url\":\"https:\\\/\\\/attali-avocats.fr\\\/wp-content\\\/uploads\\\/2022\\\/04\\\/cropped-cropped-cropped-cropped-Logo-CNB-1.jpg\",\"contentUrl\":\"https:\\\/\\\/attali-avocats.fr\\\/wp-content\\\/uploads\\\/2022\\\/04\\\/cropped-cropped-cropped-cropped-Logo-CNB-1.jpg\",\"width\":149,\"height\":292,\"caption\":\"ATTALI AVOCATS\"},\"image\":{\"@id\":\"https:\\\/\\\/attali-avocats.fr\\\/#\\\/schema\\\/logo\\\/image\\\/\"}}]}<\/script>\n<!-- \/ Yoast SEO plugin. -->","yoast_head_json":{"title":"DROIT M\u00c9DICAL ET DE LA SANT\u00c9 ATTALI AVOCATS","description":"Le cabinet de David Attali conseille et repr\u00e9sente les professions m\u00e9dicales pour la cr\u00e9ation et le d\u00e9veloppement de leur structure d\u2019exercice : contrat d\u2019association, r\u00e9daction de statuts de soci\u00e9t\u00e9 civile de moyens (SCM) ou de soci\u00e9t\u00e9 d\u2019exercice lib\u00e9ral (SEL), contrat de collaboration et de remplacement, \u2026","robots":{"index":"index","follow":"follow","max-snippet":"max-snippet:-1","max-image-preview":"max-image-preview:large","max-video-preview":"max-video-preview:-1"},"canonical":"https:\/\/attali-avocats.fr\/index.php\/droit-de-la-sante\/","og_locale":"fr_FR","og_type":"article","og_title":"DROIT M\u00c9DICAL ET DE LA SANT\u00c9 ATTALI AVOCATS","og_description":"Le cabinet de David Attali conseille et repr\u00e9sente les professions m\u00e9dicales pour la cr\u00e9ation et le d\u00e9veloppement de leur structure d\u2019exercice : contrat d\u2019association, r\u00e9daction de statuts de soci\u00e9t\u00e9 civile de moyens (SCM) ou de soci\u00e9t\u00e9 d\u2019exercice lib\u00e9ral (SEL), contrat de collaboration et de remplacement, \u2026","og_url":"https:\/\/attali-avocats.fr\/index.php\/droit-de-la-sante\/","og_site_name":"ATTALI AVOCATS","article_modified_time":"2022-09-22T13:26:18+00:00","twitter_card":"summary_large_image","twitter_misc":{"Dur\u00e9e de lecture estim\u00e9e":"1 minute"},"schema":{"@context":"https:\/\/schema.org","@graph":[{"@type":"WebPage","@id":"https:\/\/attali-avocats.fr\/index.php\/droit-de-la-sante\/","url":"https:\/\/attali-avocats.fr\/index.php\/droit-de-la-sante\/","name":"DROIT M\u00c9DICAL ET DE LA SANT\u00c9 ATTALI AVOCATS","isPartOf":{"@id":"https:\/\/attali-avocats.fr\/#website"},"datePublished":"2022-04-23T10:30:50+00:00","dateModified":"2022-09-22T13:26:18+00:00","description":"Le cabinet de David Attali conseille et repr\u00e9sente les professions m\u00e9dicales pour la cr\u00e9ation et le d\u00e9veloppement de leur structure d\u2019exercice : contrat d\u2019association, r\u00e9daction de statuts de soci\u00e9t\u00e9 civile de moyens (SCM) ou de soci\u00e9t\u00e9 d\u2019exercice lib\u00e9ral (SEL), contrat de collaboration et de remplacement, \u2026","breadcrumb":{"@id":"https:\/\/attali-avocats.fr\/index.php\/droit-de-la-sante\/#breadcrumb"},"inLanguage":"fr-FR","potentialAction":[{"@type":"ReadAction","target":["https:\/\/attali-avocats.fr\/index.php\/droit-de-la-sante\/"]}]},{"@type":"BreadcrumbList","@id":"https:\/\/attali-avocats.fr\/index.php\/droit-de-la-sante\/#breadcrumb","itemListElement":[{"@type":"ListItem","position":1,"name":"Accueil","item":"https:\/\/attali-avocats.fr\/"},{"@type":"ListItem","position":2,"name":"DROIT M\u00c9DICAL ET DE LA SANT\u00c9"}]},{"@type":"WebSite","@id":"https:\/\/attali-avocats.fr\/#website","url":"https:\/\/attali-avocats.fr\/","name":"ATTALI AVOCATS","description":"Cabinet group\u00e9","publisher":{"@id":"https:\/\/attali-avocats.fr\/#organization"},"potentialAction":[{"@type":"SearchAction","target":{"@type":"EntryPoint","urlTemplate":"https:\/\/attali-avocats.fr\/?s={search_term_string}"},"query-input":{"@type":"PropertyValueSpecification","valueRequired":true,"valueName":"search_term_string"}}],"inLanguage":"fr-FR"},{"@type":"Organization","@id":"https:\/\/attali-avocats.fr\/#organization","name":"ATTALI AVOCATS","url":"https:\/\/attali-avocats.fr\/","logo":{"@type":"ImageObject","inLanguage":"fr-FR","@id":"https:\/\/attali-avocats.fr\/#\/schema\/logo\/image\/","url":"https:\/\/attali-avocats.fr\/wp-content\/uploads\/2022\/04\/cropped-cropped-cropped-cropped-Logo-CNB-1.jpg","contentUrl":"https:\/\/attali-avocats.fr\/wp-content\/uploads\/2022\/04\/cropped-cropped-cropped-cropped-Logo-CNB-1.jpg","width":149,"height":292,"caption":"ATTALI AVOCATS"},"image":{"@id":"https:\/\/attali-avocats.fr\/#\/schema\/logo\/image\/"}}]}},"_links":{"self":[{"href":"https:\/\/attali-avocats.fr\/index.php\/wp-json\/wp\/v2\/pages\/896","targetHints":{"allow":["GET"]}}],"collection":[{"href":"https:\/\/attali-avocats.fr\/index.php\/wp-json\/wp\/v2\/pages"}],"about":[{"href":"https:\/\/attali-avocats.fr\/index.php\/wp-json\/wp\/v2\/types\/page"}],"author":[{"embeddable":true,"href":"https:\/\/attali-avocats.fr\/index.php\/wp-json\/wp\/v2\/users\/1"}],"replies":[{"embeddable":true,"href":"https:\/\/attali-avocats.fr\/index.php\/wp-json\/wp\/v2\/comments?post=896"}],"version-history":[{"count":201,"href":"https:\/\/attali-avocats.fr\/index.php\/wp-json\/wp\/v2\/pages\/896\/revisions"}],"predecessor-version":[{"id":6469,"href":"https:\/\/attali-avocats.fr\/index.php\/wp-json\/wp\/v2\/pages\/896\/revisions\/6469"}],"wp:attachment":[{"href":"https:\/\/attali-avocats.fr\/index.php\/wp-json\/wp\/v2\/media?parent=896"}],"curies":[{"name":"wp","href":"https:\/\/api.w.org\/{rel}","templated":true}]}}